{"id":1287,"date":"2020-05-28T09:06:52","date_gmt":"2020-05-28T07:06:52","guid":{"rendered":"http:\/\/antam.ovh\/?page_id=1287"},"modified":"2020-06-19T15:20:13","modified_gmt":"2020-06-19T13:20:13","slug":"mon-premier-paris-dakar","status":"publish","type":"page","link":"http:\/\/antam.ovh\/index.php\/mon-premier-paris-dakar\/","title":{"rendered":"Mon premier Paris-Dakar"},"content":{"rendered":"\t\t<div data-elementor-type=\"wp-page\" data-elementor-id=\"1287\" class=\"elementor elementor-1287\">\n\t\t\t\t\t\t<section class=\"elementor-section elementor-top-section elementor-element elementor-element-6724c59 elementor-section-boxed elementor-section-height-default elementor-section-height-default\" data-id=\"6724c59\" data-element_type=\"section\">\n\t\t\t\t\t\t<div class=\"elementor-container elementor-column-gap-default\">\n\t\t\t\t\t<div class=\"elementor-column elementor-col-100 elementor-top-column elementor-element elementor-element-81a3a59\" data-id=\"81a3a59\" data-element_type=\"column\">\n\t\t\t<div class=\"elementor-widget-wrap\">\n\t\t\t\t\t\t\t<\/div>\n\t\t<\/div>\n\t\t\t\t\t<\/div>\n\t\t<\/section>\n\t\t\t\t<section class=\"elementor-section elementor-top-section elementor-element elementor-element-447e035 elementor-section-boxed elementor-section-height-default elementor-section-height-default\" data-id=\"447e035\" data-element_type=\"section\">\n\t\t\t\t\t\t<div class=\"elementor-container elementor-column-gap-default\">\n\t\t\t\t\t<div class=\"elementor-column elementor-col-100 elementor-top-column elementor-element elementor-element-dd76377\" data-id=\"dd76377\" data-element_type=\"column\">\n\t\t\t<div class=\"elementor-widget-wrap elementor-element-populated\">\n\t\t\t\t\t\t<div class=\"elementor-element elementor-element-653fa89 elementor-widget elementor-widget-heading\" data-id=\"653fa89\" data-element_type=\"widget\" data-widget_type=\"heading.default\">\n\t\t\t\t<div class=\"elementor-widget-container\">\n\t\t\t<h2 class=\"elementor-heading-title elementor-size-default\">Mon premier Paris - Dakar<\/h2>\t\t<\/div>\n\t\t\t\t<\/div>\n\t\t\t\t\t<\/div>\n\t\t<\/div>\n\t\t\t\t\t<\/div>\n\t\t<\/section>\n\t\t\t\t<section class=\"elementor-section elementor-top-section elementor-element elementor-element-41088aa elementor-section-boxed elementor-section-height-default elementor-section-height-default\" data-id=\"41088aa\" data-element_type=\"section\">\n\t\t\t\t\t\t<div class=\"elementor-container elementor-column-gap-default\">\n\t\t\t\t\t<div class=\"elementor-column elementor-col-100 elementor-top-column elementor-element elementor-element-1129d4a\" data-id=\"1129d4a\" data-element_type=\"column\">\n\t\t\t<div class=\"elementor-widget-wrap elementor-element-populated\">\n\t\t\t\t\t\t<div class=\"elementor-element elementor-element-1c5dc3c elementor-widget elementor-widget-text-editor\" data-id=\"1c5dc3c\" data-element_type=\"widget\" data-widget_type=\"text-editor.default\">\n\t\t\t\t<div class=\"elementor-widget-container\">\n\t\t\t\t\t\t\t<p style=\"text-align: left;\"><span style=\"color: #003366;\">Non, il ne s&rsquo;agit pas du rallye annuel sur deux, quatre ou six roues, mais seulement d&rsquo;un<\/span><br \/><span style=\"color: #003366;\">voyage a\u00e9rien ordinaire concoct\u00e9 par les OPS du GMMTA aux temps merveilleux o\u00f9 cette<\/span><br \/><span style=\"color: #003366;\">noble institution nous proposait d&rsquo;effectuer des \u00ab lignes \u00bb avec passagers.<\/span><br \/><span style=\"color: #003366;\">Mais pourquoi \u00ab premier \u00bb ?<\/span><br \/><span style=\"color: #003366;\">Posons le d\u00e9cor.<\/span><br \/><span style=\"color: #003366;\">Ao\u00fbt 1953. Le GT 3\/61 \u00ab Poitou \u00bb est encore bas\u00e9 \u00e0 Chartres. Depuis le printemps, un<\/span><br \/><span style=\"color: #003366;\">\u00e9v\u00e9nement majeur a profond\u00e9ment boulevers\u00e9 le train-train de cette Unit\u00e9 : nous avons<\/span><br \/><span style=\"color: #003366;\">touch\u00e9 les premiers \u00ab Dak \u00bb, qui vont progressivement remplacer nos \u00ab Julies \u00bb. Enfin \u00e0 nous<\/span><br \/><span style=\"color: #003366;\">les grands raids sans escale, Paris Alger et retour sans ravitaillement \u00e0 Toulouse pour l&rsquo;avion,<\/span><br \/><span style=\"color: #003366;\">les passagers et l&rsquo;\u00e9quipage, ou encore Paris-Oran et retour sans pleins et sans pa\u00ebla \u00e0<\/span><br \/><span style=\"color: #003366;\">Perpignan.<\/span><br \/><span style=\"color: #003366;\">Cerise sur le g\u00e2teau, nous nous voyons attribuer pour la premi\u00e8re fois la Ligne 222, Paris-Dakar<\/span><br \/><span style=\"color: #003366;\">et retour\u2026<\/span><br \/><span style=\"color: #003366;\">Itin\u00e9raire, apr\u00e8s mise en place au Bourget la veille :<\/span><br \/><span style=\"color: #003366;\">&#8211; Jour J, Le Bourget-Oran-Nouaceur (base US au Maroc), Jour J + 1 Nouaceur-Tindouf (escale<\/span><br \/><span style=\"color: #003366;\">technique)-Dakar (Ouakam).<\/span><br \/><span style=\"color: #003366;\">&#8211; 24 heures de repos avec mise en place \u00e0 Yoff<\/span><br \/><span style=\"color: #003366;\">&#8211; retour par Port Etienne (escale technique)- Nouaceur jour J, puis Nouaceur-Oran-Le Bourget,<\/span><br \/><span style=\"color: #003366;\">\u00e0 J+ 1.<\/span><br \/><span style=\"color: #003366;\">Donc, le \u00ab 717 \u00bb, alias le C 47 N\u00b0 44-76717 FRAQA, d\u00e9colle du Bourget le 10 Ao\u00fbt, avec \u00e0 son<\/span><br \/><span style=\"color: #003366;\">bord femmes et enfants.<\/span><br \/><span style=\"color: #003366;\">Equipage, X\u2026, Navigateur CA &#8211; Bias, Radio &#8211; Darenlot, M\u00e9canicien &#8211; Genevi\u00e8ve de Galard,<\/span><br \/><span style=\"color: #003366;\">Convoyeuse, et le pr\u00e9sent r\u00e9dacteur comme pilote.<\/span><br \/><span style=\"color: #003366;\">Le Commandant de bord est un ancien mitrailleur reconverti, rescap\u00e9 de la Vall\u00e9e Heureuse<\/span><br \/><span style=\"color: #003366;\">(1) et de nature plut\u00f4t calme et souriante, habituellement. Le m\u00e9canicien, Capitaine chef des<\/span><br \/><span style=\"color: #003366;\">Services Techniques du groupe, est une vieille connaissance de 1948-1949 \u00e0 l&rsquo; \u00ab Anjou \u00bb \u00e0<\/span><br \/><span style=\"color: #003366;\">Sa\u00efgon. Il \u00e9tait alors Lieutenant, \u00e9galement Chef des Services Techniques, et par voie de<\/span><br \/><span style=\"color: #003366;\">cons\u00e9quence patron du jeune Sergent aide-m\u00e9cano-chauffeur-auto que j&rsquo;\u00e9tais. Nous avons<\/span><br \/><span style=\"color: #003366;\">des relations amicales, et m\u00eame une certaine complicit\u00e9 s&rsquo;est \u00e9tablie entre nous. Osmose<\/span><br \/><span style=\"color: #003366;\">m\u00e9cano-pilote traditionnelle. Bias est un gar\u00e7on exp\u00e9riment\u00e9, sympa et de toute confiance.<\/span><br \/><span style=\"color: #003366;\">Quant \u00e0 la Convoyeuse , inutile de pr\u00e9senter \u00ab notre \u00bb Genevi\u00e8ve ! Encore qu&rsquo;elle fut \u00e0<\/span><br \/><span style=\"color: #003366;\">l&rsquo;\u00e9poque, moins sollicit\u00e9e par les m\u00e9dias, mais d\u00e9j\u00e0 tout aussi d\u00e9vou\u00e9e et estim\u00e9e de tous.<\/span><br \/><span style=\"color: #003366;\">Le trajet Paris-Dakar, pour un coup d&rsquo;essai, fut un coup de ma\u00eetre. Qu&rsquo;on en juge.<\/span><br \/><span style=\"color: #003366;\">Sur le segment Le Bourget-Oran, la m\u00e9t\u00e9o est superbe. Elle le sera d&rsquo;ailleurs tout au long de la<\/span><br \/><span style=\"color: #003366;\">mission. .Un temps de cur\u00e9 ! (Je me suis toujours demand\u00e9 quel \u00e9tait le rapport entre un saint<\/span><br \/><span style=\"color: #003366;\">homme de cur\u00e9 et la m\u00e9t\u00e9o. Qui pourrait r\u00e9pondre ?).<\/span><br \/><span style=\"color: #003366;\">Au cours du survol de la M\u00e9diterran\u00e9e qui scintille 9 000 pieds (2) en dessous de notre a\u00e9ronef<\/span><br \/><span style=\"color: #003366;\">dont les \u00ab Pratt \u00bb ronronnent agr\u00e9ablement, PA engag\u00e9, notre Miss, d\u00e9laissant un moment sa<\/span><br \/><span style=\"color: #003366;\">cargaison humaine, rejoint ses camarades dans le poste d&rsquo;\u00e9quipage, et &#8211; tradition oblige \u2013<\/span><br \/><span style=\"color: #003366;\">offre \u00e0 la ronde quelques bonbons. Le hasard veut que je choisisse un caramel, qui,<\/span><br \/><span style=\"color: #003366;\">malheureusement s&rsquo;amourache d&rsquo;une de mes molaires couronn\u00e9e de fra\u00eeche date. R\u00e9sultat,<\/span><br \/><span style=\"color: #003366;\">exit de ma galerie buccale la couronne alors enlac\u00e9e par le dit caramel. Et tout le monde de<\/span><br \/><span style=\"color: #003366;\">s&rsquo;esbaudir, naturellement. Dans un poste d&rsquo;\u00e9quipage, la joie est de rigueur.<\/span><br \/><span style=\"color: #003366;\">Le lendemain, c&rsquo;est plein d&rsquo;all\u00e9gresse que nous embrayons sur la deuxi\u00e8me partie du voyage.<\/span><br \/><span style=\"color: #003366;\">A mi chemin entre Nouaceur et Tindouf, Darenlot, qui occupe la place droite, me pousse du<\/span><br \/><span style=\"color: #003366;\">coude, en me disant : \u00ab t&rsquo;as vu le moteur droit ? \u00bb. R\u00e9ponse, \u00ab non, pourquoi, y a un probl\u00e8me<\/span><br \/><span style=\"color: #003366;\">? \u00bb Il y avait effectivement un \u2026petit\u2026probl\u00e8me, sous la forme d&rsquo;une tra\u00een\u00e9e d&rsquo;huile qui<\/span><br \/><span style=\"color: #003366;\">maculait le beau capotage bien briqu\u00e9 du \u00ab bouilleur \u00bb droit. Les pendules se maintenant pour<\/span><br \/><span style=\"color: #003366;\">le moment toujours \u00e0 l&rsquo;heure, nous surveillons la fuite et nous continuons sur nos deux<\/span><br \/><span style=\"color: #003366;\">moteurs. Le malade tiendra sans probl\u00e8me de pression et de temp\u00e9rature jusqu&rsquo;\u00e0 Tindouf.<\/span><br \/><span style=\"color: #003366;\">Comme quoi, les petits ruisseaux ne font pas toujours les grandes rivi\u00e8res.<\/span><br \/><span style=\"color: #003366;\">Nous avions d\u00e9coll\u00e9 de bonne heure de Nouaceur de fa\u00e7on \u00e0 faire nos pleins \u00e0 Tindouf et<\/span><br \/><span style=\"color: #003366;\">red\u00e9coller avec une temp\u00e9rature encore supportable, et nous \u00e9tions devant le bordj aux<\/span><br \/><span style=\"color: #003366;\">environs de 9 h 30, heure locale. Pendant que X\u2026, Bias et la Miss s&#8217;emploient \u00e0 mettre les<\/span><br \/><span style=\"color: #003366;\">passagers au frais, Darenlot et moi plongeons dans le moteur qui nous avait cr\u00e9\u00e9 des ennuis.<\/span><br \/><span style=\"color: #003366;\">Les d\u00e9g\u00e2ts se limitent \u00e0 une durite perc\u00e9e, mais nous n&rsquo;\u00e9tions pas en mesure de d\u00e9coller avant<\/span><br \/><span style=\"color: #003366;\">midi ou 13 heures. Je laisse au lecteur le soin d&rsquo;imaginer la temp\u00e9rature qu&rsquo;il peut faire \u00e0<\/span><br \/><span style=\"color: #003366;\">Tindouf au mois d&rsquo;Ao\u00fbt \u00e0 ces heures l\u00e0 et dans quel \u00e9tat de propret\u00e9 nous avons \u00e9merg\u00e9 de<\/span><br \/><span style=\"color: #003366;\">notre \u00ab atelier \u00bb ! Ce qui fait que Darenlot et moi sugg\u00e9rons \u00e0 X\u2026d&rsquo;attendre au moins 16<\/span><br \/><span style=\"color: #003366;\">heures pour lancer les moulins (les rameurs volants disent \u00ab balancer les machines \u00bb ), ce qui<\/span><br \/><span style=\"color: #003366;\">nous ferait arriver \u00e0 Ouakam entre 23 h et 23 h 30. La m\u00e9t\u00e9o \u00e9tant excellente, une arriv\u00e9e de<\/span><br \/><span style=\"color: #003366;\">nuit ne posait aucun probl\u00e8me, et il \u00e9tait facile d&rsquo;informer les OPS du retard et de son motif.<\/span><br \/><span style=\"color: #003366;\">Refus absolu de notre CA malgr\u00e9 nos arguments (\u2026de bon sens\u2026), et renvoi autoritaire du<\/span><br \/><span style=\"color: #003366;\">cocher \u00e0 ses commandes, suivi du reste de l&rsquo;\u00e9quipage. Embarquement imm\u00e9diat des<\/span><br \/><span style=\"color: #003366;\">passagers, sous l&rsquo;oeil inquiet de la Miss.<\/span><br \/><span style=\"color: #003366;\">L&rsquo;horaire fix\u00e9 par le GMMTA doit \u00eatre respect\u00e9 \u2026Ah, mais !<\/span><br \/><span style=\"color: #003366;\">La suite, on peut facilement l&rsquo;imaginer. C&rsquo;\u00e9tait pr\u00e9vu. Huile \u00e0 120\u00b0 en entr\u00e9e de piste, moteurs<\/span><br \/><span style=\"color: #003366;\">coup\u00e9s pour laisser refroidir un peu \u2013 ce qui d\u00e9clenche une nouvelle intervention muscl\u00e9e du<\/span><br \/><span style=\"color: #003366;\">CA qui s&rsquo;insurge contre ce \u00ab contretemps \u00bb \u2013 mise des gaz sur freins\u2026.mais l&rsquo;oiseau ne veut<\/span><br \/><span style=\"color: #003366;\">pas quitter le sol et la piste se d\u00e9roule bien vite\u2026.<\/span><br \/><span style=\"color: #003366;\">Et entre le m\u00e9cano et moi, debout, le CA qui psalmodie : \u00ab j&rsquo;ai toujours dit que le d\u00e9sert<\/span><br \/><span style=\"color: #003366;\">appartenait \u00e0 celui qui se levait t\u00f4t\u2026 \u00bb. Ce qui provoque de la part du m\u00e9cano un<\/span><br \/><span style=\"color: #003366;\">encouragement au CA \u00e0 rejoindre au plus t\u00f4t ses outils devant sa table \u00e0 cartes,<\/span><br \/><span style=\"color: #003366;\">encouragement \u00e9nergique dont je ne reproduis pas ici les termes, par d\u00e9cence.<\/span><br \/><span style=\"color: #003366;\">Pendant ce temps l\u00e0, le 717 court toujours.<\/span><br \/><span style=\"color: #003366;\">A moi le crash sur le reg avec femmes et enfants ? Non., car enfin, pratiquement au ras des<\/span><br \/><span style=\"color: #003366;\">balises de fin de piste, le Qu\u00e9bec Alpha rejoint timidement son \u00e9l\u00e9ment naturel. Il faudra<\/span><br \/><span style=\"color: #003366;\">presque 1 heure pour atteindre 9000 pieds .<\/span><br \/><span style=\"color: #003366;\">Ouf ? Non \u2026 pas \u00ab ouf \u00bb !<\/span><br \/><span style=\"color: #003366;\">Apr\u00e8s environ 3 heures de vol, je signale discr\u00e8tement \u00e0 Darenlot que des effluves suspects se<\/span><br \/><span style=\"color: #003366;\">font sentir. Il les avait per\u00e7us \u00e9galement.<\/span><br \/><span style=\"color: #003366;\">Conclusion de l&rsquo;enqu\u00eate pr\u00e9liminaire, les batteries sont en train de bouillir et c&rsquo;est l&rsquo;odeur de<\/span><br \/><span style=\"color: #003366;\">l&rsquo;acide qui envahi le poste d&rsquo;\u00e9quipage. Rem\u00e8de : couper tout ce qui est \u00e9lectrique, sauf les<\/span><br \/><span style=\"color: #003366;\">instruments de bord.<\/span><br \/><span style=\"color: #003366;\">Darenlot informe le radio et X\u2026 Ce dernier plus calme et d\u00e9sabus\u00e9, nous d\u00e9clare : \u00ab faites<\/span><br \/><span style=\"color: #003366;\">donc ce que vous voulez \u2026 \u00bb.<\/span><br \/><span style=\"color: #003366;\">Et d\u00e9balle son sextant et ses \u00e9ph\u00e9m\u00e9rides.<\/span><br \/><span style=\"color: #003366;\">Nous remettrons la VHF en route \u00e0 l&rsquo;approche de Dakar.<\/span><br \/><span style=\"color: #003366;\">Au parking de Ouakam, en abaissant le tiroir des batteries et \u00e0 la vue de l&rsquo;\u00e9tat de celles-ci, de<\/span><br \/><span style=\"color: #003366;\">leur support d\u00e9j\u00e0 attaqu\u00e9, et des d\u00e9goulinades d&rsquo;\u00e9lectrolyse, nous pensons que nous avons<\/span><br \/><span style=\"color: #003366;\">probablement fr\u00f4l\u00e9 l&rsquo;explosion du compartiment.<\/span><br \/><span style=\"color: #003366;\">C&rsquo;\u00e9tait le bon temps !<\/span><br \/><span style=\"color: #003366;\">Pierre Mayet<\/span><br \/><span style=\"color: #003366;\"><em>( 1) La Ruhr. Ainsi appel\u00e9e par les \u00e9quipages des \u00ab Lourds \u00bb pendant la guerre, \u00e0 cause de<\/em><\/span><br \/><span style=\"color: #003366;\"><em>l&rsquo;accueil chaleureux de la DCA ennemie.<\/em><\/span><br \/><span style=\"color: #003366;\"><em>(2) Pour les jeunes g\u00e9n\u00e9rations, je pr\u00e9cise que les altitudes normales de vol en croisi\u00e8re se<\/em><\/span><br \/><span style=\"color: #003366;\"><em>situaient entre 8000 et 10000 pieds , ce qui nous permettait de nous faire secouer un tantinet,<\/em><\/span><br \/><span style=\"color: #003366;\"><em>\u00e9ventuellement de bien givrer, \u00e0 la travers\u00e9e des fronts froids.<\/em><\/span><br \/><span style=\"color: #003366;\"><em>Par ailleurs, en Ao\u00fbt 1953, la circulation a\u00e9rienne en plan de vol IFR ne se faisait pas encore en<\/em><\/span><br \/><span style=\"color: #003366;\"><em>\u00ab niveaux de vol \u00bb, mais avec altim\u00e8tres r\u00e9gl\u00e9s au QNH. L&rsquo;indication de ce QNH \u00e9tait donn\u00e9 par<\/em><\/span><br \/><span style=\"color: #003366;\"><em>le Centre de Contr\u00f4le R\u00e9gional de la zone survol\u00e9e, soit en VHF, soit dans les bulletins m\u00e9t\u00e9o<\/em><\/span><br \/><span style=\"color: #003366;\"><em>recueillis par le radio en graphie HF.<\/em><\/span><\/p>\t\t\t\t\t\t<\/div>\n\t\t\t\t<\/div>\n\t\t\t\t\t<\/div>\n\t\t<\/div>\n\t\t\t\t\t<\/div>\n\t\t<\/section>\n\t\t\t\t<\/div>\n\t\t","protected":false},"excerpt":{"rendered":"<p>Mon premier Paris &#8211; Dakar Non, il ne s&rsquo;agit pas du rallye annuel sur deux, quatre ou six roues, mais seulement d&rsquo;unvoyage a\u00e9rien ordinaire concoct\u00e9 par les OPS du GMMTA aux temps merveilleux o\u00f9 cettenoble institution nous proposait d&rsquo;effectuer des \u00ab lignes \u00bb avec passagers.Mais pourquoi \u00ab premier \u00bb ?Posons le d\u00e9cor.Ao\u00fbt 1953. Le GT [&hellip;]<\/p>\n","protected":false},"author":1,"featured_media":0,"parent":0,"menu_order":0,"comment_status":"closed","ping_status":"closed","template":"","meta":[],"_links":{"self":[{"href":"http:\/\/antam.ovh\/index.php\/wp-json\/wp\/v2\/pages\/1287"}],"collection":[{"href":"http:\/\/antam.ovh\/index.php\/wp-json\/wp\/v2\/pages"}],"about":[{"href":"http:\/\/antam.ovh\/index.php\/wp-json\/wp\/v2\/types\/page"}],"author":[{"embeddable":true,"href":"http:\/\/antam.ovh\/index.php\/wp-json\/wp\/v2\/users\/1"}],"replies":[{"embeddable":true,"href":"http:\/\/antam.ovh\/index.php\/wp-json\/wp\/v2\/comments?post=1287"}],"version-history":[{"count":8,"href":"http:\/\/antam.ovh\/index.php\/wp-json\/wp\/v2\/pages\/1287\/revisions"}],"predecessor-version":[{"id":3956,"href":"http:\/\/antam.ovh\/index.php\/wp-json\/wp\/v2\/pages\/1287\/revisions\/3956"}],"wp:attachment":[{"href":"http:\/\/antam.ovh\/index.php\/wp-json\/wp\/v2\/media?parent=1287"}],"curies":[{"name":"wp","href":"https:\/\/api.w.org\/{rel}","templated":true}]}}