{"id":2305,"date":"2020-06-12T16:09:09","date_gmt":"2020-06-12T14:09:09","guid":{"rendered":"http:\/\/antam.ovh\/?page_id=2305"},"modified":"2020-06-12T16:11:17","modified_gmt":"2020-06-12T14:11:17","slug":"astarte-2","status":"publish","type":"page","link":"http:\/\/antam.ovh\/index.php\/astarte-2\/","title":{"rendered":"Astarte"},"content":{"rendered":"\t\t<div data-elementor-type=\"wp-page\" data-elementor-id=\"2305\" class=\"elementor elementor-2305\">\n\t\t\t\t\t\t<section class=\"elementor-section elementor-top-section elementor-element elementor-element-fb67492 elementor-section-boxed elementor-section-height-default elementor-section-height-default\" data-id=\"fb67492\" data-element_type=\"section\">\n\t\t\t\t\t\t<div class=\"elementor-container elementor-column-gap-default\">\n\t\t\t\t\t<div class=\"elementor-column elementor-col-100 elementor-top-column elementor-element elementor-element-75dd256\" data-id=\"75dd256\" data-element_type=\"column\">\n\t\t\t<div class=\"elementor-widget-wrap elementor-element-populated\">\n\t\t\t\t\t\t<div class=\"elementor-element elementor-element-0b6074a elementor-widget elementor-widget-heading\" data-id=\"0b6074a\" data-element_type=\"widget\" data-widget_type=\"heading.default\">\n\t\t\t\t<div class=\"elementor-widget-container\">\n\t\t\t<h2 class=\"elementor-heading-title elementor-size-default\">Groupe de transport \"Astart\u00e9\"<\/h2>\t\t<\/div>\n\t\t\t\t<\/div>\n\t\t\t\t\t<\/div>\n\t\t<\/div>\n\t\t\t\t\t<\/div>\n\t\t<\/section>\n\t\t\t\t<section class=\"elementor-section elementor-top-section elementor-element elementor-element-e317427 elementor-section-boxed elementor-section-height-default elementor-section-height-default\" data-id=\"e317427\" data-element_type=\"section\">\n\t\t\t\t\t\t<div class=\"elementor-container elementor-column-gap-default\">\n\t\t\t\t\t<div class=\"elementor-column elementor-col-100 elementor-top-column elementor-element elementor-element-5f53468\" data-id=\"5f53468\" data-element_type=\"column\">\n\t\t\t<div class=\"elementor-widget-wrap elementor-element-populated\">\n\t\t\t\t\t\t<div class=\"elementor-element elementor-element-3e0919f elementor-widget elementor-widget-text-editor\" data-id=\"3e0919f\" data-element_type=\"widget\" data-widget_type=\"text-editor.default\">\n\t\t\t\t<div class=\"elementor-widget-container\">\n\t\t\t\t\t\t\t<pre class=\"Corps P-3\"><span class=\"C-5\" style=\"color: #003366;\"><img decoding=\"async\" class=\"wp-image-1901 alignleft\" src=\"http:\/\/antam.ovh\/wp-content\/uploads\/2020\/05\/Astart\u00e9-252x300.png\" alt=\"\" width=\"148\" height=\"176\" srcset=\"http:\/\/antam.ovh\/wp-content\/uploads\/2020\/05\/Astart\u00e9-252x300.png 252w, http:\/\/antam.ovh\/wp-content\/uploads\/2020\/05\/Astart\u00e9.png 388w\" sizes=\"(max-width: 148px) 100vw, 148px\" \/>La naissance du programme ASTARTE (Avions STation Relais de Transmissions Exceptionnelles) a eu lieu le 14 d\u00e9cembre 1981, date de la d\u00e9cision gouvernementale de cr\u00e9ation de l\u2019unit\u00e9 afin de doter le pays d\u2019un syst\u00e8me de transmission a\u00e9roport\u00e9 prot\u00e9g\u00e9 contre les effets des explosions nucl\u00e9aires \u00e0 haute altitude, et destin\u00e9 essentiellement \u00e0 assurer la diffusion de l\u2019ordre d\u2019engagement vers les S.N.L.E \u00e0 la mer les autres composantes nucl\u00e9aires.<\/span><br \/><br \/><span class=\"C-5\" style=\"color: #003366;\">L\u2019\u00e9quipe de marque est cr\u00e9\u00e9e le 14 mars 1983. L\u2019unit\u00e9 interarm\u00e9es est compos\u00e9e de personnels de la Marine nationale et de l\u2019Arm\u00e9e de l\u2019air.<\/span><br \/><br \/><span class=\"C-5\" style=\"color: #003366;\">Le 27 f\u00e9vrier 1985, le premier vol d\u2019un C160 H \u00ab ASTARTE \u00bb est effectu\u00e9 depuis l\u2019a\u00e9rodrome de Bordeaux M\u00e9rignac. Un an plus tard, le 8 avril 1986, un C160 H \u00e9quip\u00e9 de ses syst\u00e8mes am\u00e9ricains de transmission VLF, effectue un vol de 3h30 depuis l\u2019a\u00e9roport de Love Field Dallas (USA).<\/span><br \/><br \/><span class=\"C-5\" style=\"color: #003366;\">Enfin, le 1er septembre 1987, l\u2019escadron avion 00.059 Astarte est cr\u00e9\u00e9 sur la base a\u00e9rienne 105 d\u2019Evreux. Unit\u00e9 organique du Commandement du Transport A\u00e9rien Militaire, mise pour emploi aupr\u00e8s du Commandement des Forces A\u00e9riennes Strat\u00e9giques, l\u2019escadron est d\u00e9clar\u00e9 op\u00e9rationnel le 21 novembre 1988 et arrive \u00e0 maturit\u00e9 \u00e0 la fin de l\u2019ann\u00e9e 1989 avec la livraison du quatri\u00e8me et dernier C 160H.<\/span><br \/><br \/><span class=\"C-5\" style=\"color: #003366;\">Compte tenu de l\u2019absence de filiation directe ou indirecte avec un escadron de l\u2019arm\u00e9e de l\u2019air, l\u2019escadron 00.059 \u00ab Astarte \u00bb n\u2019est h\u00e9ritier d\u2019aucune tradition.<\/span><br \/><br \/><span class=\"C-5\" style=\"color: #003366;\">Son nom de bapt\u00eame est le nom de la d\u00e9esse Astart\u00e9 qui, dans les religions de l\u2019Asie ant\u00e9rieure fut la d\u00e9esse de la f\u00e9condit\u00e9 et des combats. Fille d\u2019Anu et de Sin, elle symbolise l\u2019\u00e9toile du matin (V\u00e9nus) et montre le d\u00e9p\u00e9rissement de toute vie pendant son absence.<\/span><br \/><br \/><span class=\"C-5\" style=\"color: #003366;\">L\u2019insigne de l\u2019Escadron homologu\u00e9 le 2 f\u00e9vrier 1987 sous la r\u00e9f\u00e9rence A1178, symbolise la mission de l\u2019unit\u00e9. L\u2019\u00e9clair repr\u00e9sente les t\u00e9l\u00e9communications entre l\u2019avion porteur du syst\u00e8me et le globe terrestre. Les fleurs de lys jaune rappellent le lieu de cr\u00e9ation de l\u2019unit\u00e9. La partie droite de l\u2019insigne \u00e9voque Astarte, d\u00e9esse des astres, des combats et de la f\u00e9condit\u00e9.<\/span><br \/><br \/><span class=\"C-5\" style=\"color: #003366;\">Le fanion de l\u2019escadron, homologu\u00e9 le 7 septembre 1987 sous la r\u00e9f\u00e9rence a343 a \u00e9t\u00e9 remis officiellement le 11 janvier 1988.<\/span><br \/><br \/><span class=\"C-5\" style=\"color: #003366;\">Une \u00e9valuation op\u00e9rationnelle de l\u2019escadron a eu lieu en mai 1990 pendant laquelle 313 heures de vol sont effectu\u00e9es dont 240 heures de permanence en 40 sorties.<\/span><br \/><br \/><span class=\"C-5\" style=\"color: #003366;\">La capacit\u00e9 de l\u2019 \u00ab Astarte \u00bb de tenir un r\u00f4le majeur , au sein des Forces Nucl\u00e9aires Strat\u00e9giques, est ainsi d\u00e9montr\u00e9e.<\/span><br \/><br \/><span class=\"C-5\" style=\"color: #003366;\">L\u2019Escadron, initialement plac\u00e9 sous le Commandement du Transport A\u00e9rien Militaire, est rattach\u00e9 organiquement aux Forces A\u00e9riennes Strat\u00e9giques le 9 septembre 1992 et devient le Groupe A\u00e9rien 00.059. L\u2019escadron avion 01.059 \u00ab Bigorre \u00bb du Commandement du Transport A\u00e9rien est alors cr\u00e9\u00e9 et mis pour emploi aupr\u00e8s des forces A\u00e9riennes Strat\u00e9giques au sein du Groupe \u00ab Astarte \u00bb ainsi qu\u2019une escadrille marine de la FOST ( Force Oc\u00e9anique Strat\u00e9gique).<\/span><\/pre>\t\t\t\t\t\t<\/div>\n\t\t\t\t<\/div>\n\t\t\t\t\t<\/div>\n\t\t<\/div>\n\t\t\t\t\t<\/div>\n\t\t<\/section>\n\t\t\t\t<\/div>\n\t\t","protected":false},"excerpt":{"rendered":"<p>Groupe de transport \u00ab\u00a0Astart\u00e9\u00a0\u00bb La naissance du programme ASTARTE (Avions STation Relais de Transmissions Exceptionnelles) a eu lieu le 14 d\u00e9cembre 1981, date de la d\u00e9cision gouvernementale de cr\u00e9ation de l\u2019unit\u00e9 afin de doter le pays d\u2019un syst\u00e8me de transmission a\u00e9roport\u00e9 prot\u00e9g\u00e9 contre les effets des explosions nucl\u00e9aires \u00e0 haute altitude, et destin\u00e9 essentiellement \u00e0 [&hellip;]<\/p>\n","protected":false},"author":1,"featured_media":0,"parent":0,"menu_order":0,"comment_status":"closed","ping_status":"closed","template":"","meta":[],"_links":{"self":[{"href":"http:\/\/antam.ovh\/index.php\/wp-json\/wp\/v2\/pages\/2305"}],"collection":[{"href":"http:\/\/antam.ovh\/index.php\/wp-json\/wp\/v2\/pages"}],"about":[{"href":"http:\/\/antam.ovh\/index.php\/wp-json\/wp\/v2\/types\/page"}],"author":[{"embeddable":true,"href":"http:\/\/antam.ovh\/index.php\/wp-json\/wp\/v2\/users\/1"}],"replies":[{"embeddable":true,"href":"http:\/\/antam.ovh\/index.php\/wp-json\/wp\/v2\/comments?post=2305"}],"version-history":[{"count":2,"href":"http:\/\/antam.ovh\/index.php\/wp-json\/wp\/v2\/pages\/2305\/revisions"}],"predecessor-version":[{"id":2307,"href":"http:\/\/antam.ovh\/index.php\/wp-json\/wp\/v2\/pages\/2305\/revisions\/2307"}],"wp:attachment":[{"href":"http:\/\/antam.ovh\/index.php\/wp-json\/wp\/v2\/media?parent=2305"}],"curies":[{"name":"wp","href":"https:\/\/api.w.org\/{rel}","templated":true}]}}