{"id":33,"date":"2020-05-12T17:21:00","date_gmt":"2020-05-12T15:21:00","guid":{"rendered":"http:\/\/antam.ovh\/?page_id=33"},"modified":"2022-11-05T14:26:55","modified_gmt":"2022-11-05T13:26:55","slug":"boutique","status":"publish","type":"page","link":"http:\/\/antam.ovh\/index.php\/boutique\/","title":{"rendered":"Boutique"},"content":{"rendered":"\t\t<div data-elementor-type=\"wp-page\" data-elementor-id=\"33\" class=\"elementor elementor-33\">\n\t\t\t\t\t\t<section class=\"elementor-section elementor-top-section elementor-element elementor-element-858d714 elementor-section-boxed elementor-section-height-default elementor-section-height-default\" data-id=\"858d714\" data-element_type=\"section\">\n\t\t\t\t\t\t<div class=\"elementor-container elementor-column-gap-default\">\n\t\t\t\t\t<div class=\"elementor-column elementor-col-100 elementor-top-column elementor-element elementor-element-4f737428\" data-id=\"4f737428\" data-element_type=\"column\">\n\t\t\t<div class=\"elementor-widget-wrap elementor-element-populated\">\n\t\t\t\t\t\t<div class=\"elementor-element elementor-element-cb78477 elementor-widget elementor-widget-heading\" data-id=\"cb78477\" data-element_type=\"widget\" data-widget_type=\"heading.default\">\n\t\t\t\t<div class=\"elementor-widget-container\">\n\t\t\t<h2 class=\"elementor-heading-title elementor-size-default\">Boutique<\/h2>\t\t<\/div>\n\t\t\t\t<\/div>\n\t\t\t\t\t<\/div>\n\t\t<\/div>\n\t\t\t\t\t<\/div>\n\t\t<\/section>\n\t\t\t\t<section class=\"elementor-section elementor-top-section elementor-element elementor-element-9f772c3 elementor-section-boxed elementor-section-height-default elementor-section-height-default\" data-id=\"9f772c3\" data-element_type=\"section\">\n\t\t\t\t\t\t<div class=\"elementor-container elementor-column-gap-default\">\n\t\t\t\t\t<div class=\"elementor-column elementor-col-33 elementor-top-column elementor-element elementor-element-96ee02c\" data-id=\"96ee02c\" data-element_type=\"column\">\n\t\t\t<div class=\"elementor-widget-wrap elementor-element-populated\">\n\t\t\t\t\t\t<div class=\"elementor-element elementor-element-f85c3c1 elementor-widget elementor-widget-image\" data-id=\"f85c3c1\" data-element_type=\"widget\" data-widget_type=\"image.default\">\n\t\t\t\t<div class=\"elementor-widget-container\">\n\t\t\t\t\t\t\t\t\t\t<figure class=\"wp-caption\">\n\t\t\t\t\t\t\t\t\t\t<img fetchpriority=\"high\" decoding=\"async\" width=\"1024\" height=\"736\" src=\"http:\/\/antam.ovh\/wp-content\/uploads\/2020\/06\/DSC00415b-1024x736.jpg\" class=\"attachment-large size-large wp-image-4033\" alt=\"\" srcset=\"http:\/\/antam.ovh\/wp-content\/uploads\/2020\/06\/DSC00415b-1024x736.jpg 1024w, http:\/\/antam.ovh\/wp-content\/uploads\/2020\/06\/DSC00415b-300x216.jpg 300w, http:\/\/antam.ovh\/wp-content\/uploads\/2020\/06\/DSC00415b-768x552.jpg 768w, http:\/\/antam.ovh\/wp-content\/uploads\/2020\/06\/DSC00415b-1536x1104.jpg 1536w, http:\/\/antam.ovh\/wp-content\/uploads\/2020\/06\/DSC00415b-2048x1472.jpg 2048w\" sizes=\"(max-width: 1024px) 100vw, 1024px\" \/>\t\t\t\t\t\t\t\t\t\t\t<figcaption class=\"widget-image-caption wp-caption-text\">Coupelle m\u00e9tal argent\u00e9....20 \u20ac<\/figcaption>\n\t\t\t\t\t\t\t\t\t\t<\/figure>\n\t\t\t\t\t\t\t<\/div>\n\t\t\t\t<\/div>\n\t\t\t\t\t<\/div>\n\t\t<\/div>\n\t\t\t\t<div class=\"elementor-column elementor-col-33 elementor-top-column elementor-element elementor-element-1c583f6\" data-id=\"1c583f6\" data-element_type=\"column\">\n\t\t\t<div class=\"elementor-widget-wrap elementor-element-populated\">\n\t\t\t\t\t\t<div class=\"elementor-element elementor-element-0d9ffbe elementor-widget elementor-widget-image\" data-id=\"0d9ffbe\" data-element_type=\"widget\" data-widget_type=\"image.default\">\n\t\t\t\t<div class=\"elementor-widget-container\">\n\t\t\t\t\t\t\t\t\t\t<figure class=\"wp-caption\">\n\t\t\t\t\t\t\t\t\t\t<img decoding=\"async\" width=\"1024\" height=\"878\" src=\"http:\/\/antam.ovh\/wp-content\/uploads\/2022\/04\/NewCap-1024x878.gif\" class=\"attachment-large size-large wp-image-6678\" alt=\"\" srcset=\"http:\/\/antam.ovh\/wp-content\/uploads\/2022\/04\/NewCap-1024x878.gif 1024w, http:\/\/antam.ovh\/wp-content\/uploads\/2022\/04\/NewCap-300x257.gif 300w, http:\/\/antam.ovh\/wp-content\/uploads\/2022\/04\/NewCap-768x659.gif 768w, http:\/\/antam.ovh\/wp-content\/uploads\/2022\/04\/NewCap-1536x1317.gif 1536w, http:\/\/antam.ovh\/wp-content\/uploads\/2022\/04\/NewCap-2048x1756.gif 2048w\" sizes=\"(max-width: 1024px) 100vw, 1024px\" \/>\t\t\t\t\t\t\t\t\t\t\t<figcaption class=\"widget-image-caption wp-caption-text\">Casquette....20 \u20ac.<\/figcaption>\n\t\t\t\t\t\t\t\t\t\t<\/figure>\n\t\t\t\t\t\t\t<\/div>\n\t\t\t\t<\/div>\n\t\t\t\t\t<\/div>\n\t\t<\/div>\n\t\t\t\t<div class=\"elementor-column elementor-col-33 elementor-top-column elementor-element elementor-element-ed96d80\" data-id=\"ed96d80\" data-element_type=\"column\">\n\t\t\t<div class=\"elementor-widget-wrap elementor-element-populated\">\n\t\t\t\t\t\t<div class=\"elementor-element elementor-element-2041ba5 elementor-widget elementor-widget-image\" data-id=\"2041ba5\" data-element_type=\"widget\" data-widget_type=\"image.default\">\n\t\t\t\t<div class=\"elementor-widget-container\">\n\t\t\t\t\t\t\t\t\t\t<figure class=\"wp-caption\">\n\t\t\t\t\t\t\t\t\t\t<img decoding=\"async\" width=\"250\" height=\"250\" src=\"http:\/\/antam.ovh\/wp-content\/uploads\/2020\/05\/Tapebouche.gif\" class=\"attachment-large size-large wp-image-210\" alt=\"\" \/>\t\t\t\t\t\t\t\t\t\t\t<figcaption class=\"widget-image-caption wp-caption-text\">Tape de bouche....17\u20ac<\/figcaption>\n\t\t\t\t\t\t\t\t\t\t<\/figure>\n\t\t\t\t\t\t\t<\/div>\n\t\t\t\t<\/div>\n\t\t\t\t\t<\/div>\n\t\t<\/div>\n\t\t\t\t\t<\/div>\n\t\t<\/section>\n\t\t\t\t<section class=\"elementor-section elementor-top-section elementor-element elementor-element-0b73df8 elementor-section-boxed elementor-section-height-default elementor-section-height-default\" data-id=\"0b73df8\" data-element_type=\"section\">\n\t\t\t\t\t\t<div class=\"elementor-container elementor-column-gap-default\">\n\t\t\t\t\t<div class=\"elementor-column elementor-col-25 elementor-top-column elementor-element elementor-element-f4ab072\" data-id=\"f4ab072\" data-element_type=\"column\">\n\t\t\t<div class=\"elementor-widget-wrap elementor-element-populated\">\n\t\t\t\t\t\t<div class=\"elementor-element elementor-element-0cd409d elementor-widget elementor-widget-image\" data-id=\"0cd409d\" data-element_type=\"widget\" data-widget_type=\"image.default\">\n\t\t\t\t<div class=\"elementor-widget-container\">\n\t\t\t\t\t\t\t\t\t\t<figure class=\"wp-caption\">\n\t\t\t\t\t\t\t\t\t\t<img loading=\"lazy\" decoding=\"async\" width=\"657\" height=\"600\" src=\"http:\/\/antam.ovh\/wp-content\/uploads\/2020\/07\/m\u00e9daille-antam.png\" class=\"attachment-large size-large wp-image-4058\" alt=\"\" srcset=\"http:\/\/antam.ovh\/wp-content\/uploads\/2020\/07\/m\u00e9daille-antam.png 657w, http:\/\/antam.ovh\/wp-content\/uploads\/2020\/07\/m\u00e9daille-antam-300x274.png 300w\" sizes=\"(max-width: 657px) 100vw, 657px\" \/>\t\t\t\t\t\t\t\t\t\t\t<figcaption class=\"widget-image-caption wp-caption-text\">M\u00e9daille... 15 \u20ac<\/figcaption>\n\t\t\t\t\t\t\t\t\t\t<\/figure>\n\t\t\t\t\t\t\t<\/div>\n\t\t\t\t<\/div>\n\t\t\t\t\t<\/div>\n\t\t<\/div>\n\t\t\t\t<div class=\"elementor-column elementor-col-25 elementor-top-column elementor-element elementor-element-297ce3b\" data-id=\"297ce3b\" data-element_type=\"column\">\n\t\t\t<div class=\"elementor-widget-wrap elementor-element-populated\">\n\t\t\t\t\t\t<div class=\"elementor-element elementor-element-f2c6cbf elementor-widget elementor-widget-image\" data-id=\"f2c6cbf\" data-element_type=\"widget\" data-widget_type=\"image.default\">\n\t\t\t\t<div class=\"elementor-widget-container\">\n\t\t\t\t\t\t\t\t\t\t<figure class=\"wp-caption\">\n\t\t\t\t\t\t\t\t\t\t<img loading=\"lazy\" decoding=\"async\" width=\"613\" height=\"600\" src=\"http:\/\/antam.ovh\/wp-content\/uploads\/2020\/07\/Coins.png\" class=\"attachment-large size-large wp-image-4070\" alt=\"\" srcset=\"http:\/\/antam.ovh\/wp-content\/uploads\/2020\/07\/Coins.png 613w, http:\/\/antam.ovh\/wp-content\/uploads\/2020\/07\/Coins-300x294.png 300w\" sizes=\"(max-width: 613px) 100vw, 613px\" \/>\t\t\t\t\t\t\t\t\t\t\t<figcaption class=\"widget-image-caption wp-caption-text\">Coin's... 5 \u20ac<\/figcaption>\n\t\t\t\t\t\t\t\t\t\t<\/figure>\n\t\t\t\t\t\t\t<\/div>\n\t\t\t\t<\/div>\n\t\t\t\t\t<\/div>\n\t\t<\/div>\n\t\t\t\t<div class=\"elementor-column elementor-col-25 elementor-top-column elementor-element elementor-element-eb739f3\" data-id=\"eb739f3\" data-element_type=\"column\">\n\t\t\t<div class=\"elementor-widget-wrap elementor-element-populated\">\n\t\t\t\t\t\t<div class=\"elementor-element elementor-element-eb8ccfd elementor-widget elementor-widget-image\" data-id=\"eb8ccfd\" data-element_type=\"widget\" data-widget_type=\"image.default\">\n\t\t\t\t<div class=\"elementor-widget-container\">\n\t\t\t\t\t\t\t\t\t\t<figure class=\"wp-caption\">\n\t\t\t\t\t\t\t\t\t\t<img loading=\"lazy\" decoding=\"async\" width=\"613\" height=\"600\" src=\"http:\/\/antam.ovh\/wp-content\/uploads\/2020\/07\/autocollant.png\" class=\"attachment-large size-large wp-image-4059\" alt=\"\" srcset=\"http:\/\/antam.ovh\/wp-content\/uploads\/2020\/07\/autocollant.png 613w, http:\/\/antam.ovh\/wp-content\/uploads\/2020\/07\/autocollant-300x294.png 300w\" sizes=\"(max-width: 613px) 100vw, 613px\" \/>\t\t\t\t\t\t\t\t\t\t\t<figcaption class=\"widget-image-caption wp-caption-text\">Auto collant FAP... 1 \u20ac<\/figcaption>\n\t\t\t\t\t\t\t\t\t\t<\/figure>\n\t\t\t\t\t\t\t<\/div>\n\t\t\t\t<\/div>\n\t\t\t\t\t<\/div>\n\t\t<\/div>\n\t\t\t\t<div class=\"elementor-column elementor-col-25 elementor-top-column elementor-element elementor-element-baec1e3\" data-id=\"baec1e3\" data-element_type=\"column\">\n\t\t\t<div class=\"elementor-widget-wrap elementor-element-populated\">\n\t\t\t\t\t\t<div class=\"elementor-element elementor-element-2b635f2 elementor-widget elementor-widget-image\" data-id=\"2b635f2\" data-element_type=\"widget\" data-widget_type=\"image.default\">\n\t\t\t\t<div class=\"elementor-widget-container\">\n\t\t\t\t\t\t\t\t\t\t<figure class=\"wp-caption\">\n\t\t\t\t\t\t\t\t\t\t<img loading=\"lazy\" decoding=\"async\" width=\"617\" height=\"600\" src=\"http:\/\/antam.ovh\/wp-content\/uploads\/2020\/07\/autoAntam.png\" class=\"attachment-large size-large wp-image-4060\" alt=\"\" srcset=\"http:\/\/antam.ovh\/wp-content\/uploads\/2020\/07\/autoAntam.png 617w, http:\/\/antam.ovh\/wp-content\/uploads\/2020\/07\/autoAntam-300x292.png 300w\" sizes=\"(max-width: 617px) 100vw, 617px\" \/>\t\t\t\t\t\t\t\t\t\t\t<figcaption class=\"widget-image-caption wp-caption-text\">Auto collant ANTAM.1 \u20ac<\/figcaption>\n\t\t\t\t\t\t\t\t\t\t<\/figure>\n\t\t\t\t\t\t\t<\/div>\n\t\t\t\t<\/div>\n\t\t\t\t\t<\/div>\n\t\t<\/div>\n\t\t\t\t\t<\/div>\n\t\t<\/section>\n\t\t\t\t<section class=\"elementor-section elementor-top-section elementor-element elementor-element-2389981 elementor-section-boxed elementor-section-height-default elementor-section-height-default\" data-id=\"2389981\" data-element_type=\"section\">\n\t\t\t\t\t\t<div class=\"elementor-container elementor-column-gap-default\">\n\t\t\t\t\t<div class=\"elementor-column elementor-col-33 elementor-top-column elementor-element elementor-element-301f694\" data-id=\"301f694\" data-element_type=\"column\">\n\t\t\t<div class=\"elementor-widget-wrap elementor-element-populated\">\n\t\t\t\t\t\t<div class=\"elementor-element elementor-element-fa5cd06 elementor-widget elementor-widget-image\" data-id=\"fa5cd06\" data-element_type=\"widget\" data-widget_type=\"image.default\">\n\t\t\t\t<div class=\"elementor-widget-container\">\n\t\t\t\t\t\t\t\t\t\t<figure class=\"wp-caption\">\n\t\t\t\t\t\t\t\t\t\t<img loading=\"lazy\" decoding=\"async\" width=\"1536\" height=\"490\" src=\"http:\/\/antam.ovh\/wp-content\/uploads\/2020\/07\/Coupe-papier-1536x490.png\" class=\"attachment-1536x1536 size-1536x1536 wp-image-4045\" alt=\"\" srcset=\"http:\/\/antam.ovh\/wp-content\/uploads\/2020\/07\/Coupe-papier-1536x490.png 1536w, http:\/\/antam.ovh\/wp-content\/uploads\/2020\/07\/Coupe-papier-300x96.png 300w, http:\/\/antam.ovh\/wp-content\/uploads\/2020\/07\/Coupe-papier-1024x326.png 1024w, http:\/\/antam.ovh\/wp-content\/uploads\/2020\/07\/Coupe-papier-768x245.png 768w, http:\/\/antam.ovh\/wp-content\/uploads\/2020\/07\/Coupe-papier-2048x653.png 2048w\" sizes=\"(max-width: 1536px) 100vw, 1536px\" \/>\t\t\t\t\t\t\t\t\t\t\t<figcaption class=\"widget-image-caption wp-caption-text\">Coupe-papier... 10 \u20ac <\/figcaption>\n\t\t\t\t\t\t\t\t\t\t<\/figure>\n\t\t\t\t\t\t\t<\/div>\n\t\t\t\t<\/div>\n\t\t\t\t\t<\/div>\n\t\t<\/div>\n\t\t\t\t<div class=\"elementor-column elementor-col-33 elementor-top-column elementor-element elementor-element-04651fb\" data-id=\"04651fb\" data-element_type=\"column\">\n\t\t\t<div class=\"elementor-widget-wrap elementor-element-populated\">\n\t\t\t\t\t\t<div class=\"elementor-element elementor-element-fe4bf8b elementor-widget elementor-widget-image\" data-id=\"fe4bf8b\" data-element_type=\"widget\" data-widget_type=\"image.default\">\n\t\t\t\t<div class=\"elementor-widget-container\">\n\t\t\t\t\t\t\t\t\t\t<figure class=\"wp-caption\">\n\t\t\t\t\t\t\t\t\t\t<img loading=\"lazy\" decoding=\"async\" width=\"800\" height=\"450\" src=\"http:\/\/antam.ovh\/wp-content\/uploads\/2020\/11\/Portecles.png\" class=\"attachment-large size-large wp-image-5163\" alt=\"\" srcset=\"http:\/\/antam.ovh\/wp-content\/uploads\/2020\/11\/Portecles.png 800w, http:\/\/antam.ovh\/wp-content\/uploads\/2020\/11\/Portecles-300x169.png 300w, http:\/\/antam.ovh\/wp-content\/uploads\/2020\/11\/Portecles-768x432.png 768w\" sizes=\"(max-width: 800px) 100vw, 800px\" \/>\t\t\t\t\t\t\t\t\t\t\t<figcaption class=\"widget-image-caption wp-caption-text\">Porte-cl\u00e9s... 1 \u20ac<\/figcaption>\n\t\t\t\t\t\t\t\t\t\t<\/figure>\n\t\t\t\t\t\t\t<\/div>\n\t\t\t\t<\/div>\n\t\t\t\t\t<\/div>\n\t\t<\/div>\n\t\t\t\t<div class=\"elementor-column elementor-col-33 elementor-top-column elementor-element elementor-element-2886761\" data-id=\"2886761\" data-element_type=\"column\">\n\t\t\t<div class=\"elementor-widget-wrap elementor-element-populated\">\n\t\t\t\t\t\t<div class=\"elementor-element elementor-element-c05d9e8 elementor-widget elementor-widget-image\" data-id=\"c05d9e8\" data-element_type=\"widget\" data-widget_type=\"image.default\">\n\t\t\t\t<div class=\"elementor-widget-container\">\n\t\t\t\t\t\t\t\t\t\t<figure class=\"wp-caption\">\n\t\t\t\t\t\t\t\t\t\t<img loading=\"lazy\" decoding=\"async\" width=\"250\" height=\"200\" src=\"http:\/\/antam.ovh\/wp-content\/uploads\/2020\/07\/Pins.gif\" class=\"attachment-medium_large size-medium_large wp-image-4052\" alt=\"\" \/>\t\t\t\t\t\t\t\t\t\t\t<figcaption class=\"widget-image-caption wp-caption-text\">Pin's... 1 \u20ac<\/figcaption>\n\t\t\t\t\t\t\t\t\t\t<\/figure>\n\t\t\t\t\t\t\t<\/div>\n\t\t\t\t<\/div>\n\t\t\t\t\t<\/div>\n\t\t<\/div>\n\t\t\t\t\t<\/div>\n\t\t<\/section>\n\t\t\t\t<section class=\"elementor-section elementor-top-section elementor-element elementor-element-a654609 elementor-section-boxed elementor-section-height-default elementor-section-height-default\" data-id=\"a654609\" data-element_type=\"section\">\n\t\t\t\t\t\t<div class=\"elementor-container elementor-column-gap-default\">\n\t\t\t\t\t<div class=\"elementor-column elementor-col-33 elementor-top-column elementor-element elementor-element-9f9ef56\" data-id=\"9f9ef56\" data-element_type=\"column\">\n\t\t\t<div class=\"elementor-widget-wrap elementor-element-populated\">\n\t\t\t\t\t\t<div class=\"elementor-element elementor-element-f144d77 elementor-widget elementor-widget-image\" data-id=\"f144d77\" data-element_type=\"widget\" data-widget_type=\"image.default\">\n\t\t\t\t<div class=\"elementor-widget-container\">\n\t\t\t\t\t\t\t\t\t\t<figure class=\"wp-caption\">\n\t\t\t\t\t\t\t\t\t\t<img loading=\"lazy\" decoding=\"async\" width=\"800\" height=\"450\" src=\"http:\/\/antam.ovh\/wp-content\/uploads\/2020\/07\/balle-golf.png\" class=\"attachment-2048x2048 size-2048x2048 wp-image-4065\" alt=\"\" srcset=\"http:\/\/antam.ovh\/wp-content\/uploads\/2020\/07\/balle-golf.png 800w, http:\/\/antam.ovh\/wp-content\/uploads\/2020\/07\/balle-golf-300x169.png 300w, http:\/\/antam.ovh\/wp-content\/uploads\/2020\/07\/balle-golf-768x432.png 768w\" sizes=\"(max-width: 800px) 100vw, 800px\" \/>\t\t\t\t\t\t\t\t\t\t\t<figcaption class=\"widget-image-caption wp-caption-text\">Balle de golf... 5 \u20ac les 3<\/figcaption>\n\t\t\t\t\t\t\t\t\t\t<\/figure>\n\t\t\t\t\t\t\t<\/div>\n\t\t\t\t<\/div>\n\t\t\t\t\t<\/div>\n\t\t<\/div>\n\t\t\t\t<div class=\"elementor-column elementor-col-33 elementor-top-column elementor-element elementor-element-69e4953\" data-id=\"69e4953\" data-element_type=\"column\">\n\t\t\t<div class=\"elementor-widget-wrap elementor-element-populated\">\n\t\t\t\t\t\t<div class=\"elementor-element elementor-element-0f12cc8 elementor-widget elementor-widget-image\" data-id=\"0f12cc8\" data-element_type=\"widget\" data-widget_type=\"image.default\">\n\t\t\t\t<div class=\"elementor-widget-container\">\n\t\t\t\t\t\t\t\t\t\t<figure class=\"wp-caption\">\n\t\t\t\t\t\t\t\t\t\t<img loading=\"lazy\" decoding=\"async\" width=\"1024\" height=\"871\" src=\"http:\/\/antam.ovh\/wp-content\/uploads\/2022\/03\/Masques1-1024x871.png\" class=\"attachment-large size-large wp-image-6619\" alt=\"\" srcset=\"http:\/\/antam.ovh\/wp-content\/uploads\/2022\/03\/Masques1-1024x871.png 1024w, http:\/\/antam.ovh\/wp-content\/uploads\/2022\/03\/Masques1-300x255.png 300w, http:\/\/antam.ovh\/wp-content\/uploads\/2022\/03\/Masques1-768x654.png 768w, http:\/\/antam.ovh\/wp-content\/uploads\/2022\/03\/Masques1-1536x1307.png 1536w, http:\/\/antam.ovh\/wp-content\/uploads\/2022\/03\/Masques1-2048x1743.png 2048w\" sizes=\"(max-width: 1024px) 100vw, 1024px\" \/>\t\t\t\t\t\t\t\t\t\t\t<figcaption class=\"widget-image-caption wp-caption-text\">Masque sanitaire.....5 \u20ac  <\/figcaption>\n\t\t\t\t\t\t\t\t\t\t<\/figure>\n\t\t\t\t\t\t\t<\/div>\n\t\t\t\t<\/div>\n\t\t\t\t\t<\/div>\n\t\t<\/div>\n\t\t\t\t<div class=\"elementor-column elementor-col-33 elementor-top-column elementor-element elementor-element-f7e8392\" data-id=\"f7e8392\" data-element_type=\"column\">\n\t\t\t<div class=\"elementor-widget-wrap elementor-element-populated\">\n\t\t\t\t\t\t<div class=\"elementor-element elementor-element-f20b606 elementor-widget elementor-widget-image\" data-id=\"f20b606\" data-element_type=\"widget\" data-widget_type=\"image.default\">\n\t\t\t\t<div class=\"elementor-widget-container\">\n\t\t\t\t\t\t\t\t\t\t<figure class=\"wp-caption\">\n\t\t\t\t\t\t\t\t\t\t<img loading=\"lazy\" decoding=\"async\" width=\"350\" height=\"245\" src=\"http:\/\/antam.ovh\/wp-content\/uploads\/2020\/05\/livreC160.jpg\" class=\"attachment-large size-large wp-image-1659\" alt=\"\" srcset=\"http:\/\/antam.ovh\/wp-content\/uploads\/2020\/05\/livreC160.jpg 350w, http:\/\/antam.ovh\/wp-content\/uploads\/2020\/05\/livreC160-300x210.jpg 300w\" sizes=\"(max-width: 350px) 100vw, 350px\" \/>\t\t\t\t\t\t\t\t\t\t\t<figcaption class=\"widget-image-caption wp-caption-text\">Transall C160........25 \u20ac<\/figcaption>\n\t\t\t\t\t\t\t\t\t\t<\/figure>\n\t\t\t\t\t\t\t<\/div>\n\t\t\t\t<\/div>\n\t\t\t\t\t<\/div>\n\t\t<\/div>\n\t\t\t\t\t<\/div>\n\t\t<\/section>\n\t\t\t\t<section class=\"elementor-section elementor-top-section elementor-element elementor-element-420301a elementor-section-boxed elementor-section-height-default elementor-section-height-default\" data-id=\"420301a\" data-element_type=\"section\">\n\t\t\t\t\t\t<div class=\"elementor-container elementor-column-gap-default\">\n\t\t\t\t\t<div class=\"elementor-column elementor-col-33 elementor-top-column elementor-element elementor-element-178aa8d\" data-id=\"178aa8d\" data-element_type=\"column\">\n\t\t\t<div class=\"elementor-widget-wrap elementor-element-populated\">\n\t\t\t\t\t\t<div class=\"elementor-element elementor-element-2c346e2 elementor-widget elementor-widget-image\" data-id=\"2c346e2\" data-element_type=\"widget\" data-widget_type=\"image.default\">\n\t\t\t\t<div class=\"elementor-widget-container\">\n\t\t\t\t\t\t\t\t\t\t<figure class=\"wp-caption\">\n\t\t\t\t\t\t\t\t\t\t<img loading=\"lazy\" decoding=\"async\" width=\"153\" height=\"222\" src=\"http:\/\/antam.ovh\/wp-content\/uploads\/2020\/05\/wp25a61136_1a-e1591448972960.png\" class=\"attachment-large size-large wp-image-1711\" alt=\"\" \/>\t\t\t\t\t\t\t\t\t\t\t<figcaption class=\"widget-image-caption wp-caption-text\">Le TAM.......10 \u20ac<\/figcaption>\n\t\t\t\t\t\t\t\t\t\t<\/figure>\n\t\t\t\t\t\t\t<\/div>\n\t\t\t\t<\/div>\n\t\t\t\t\t<\/div>\n\t\t<\/div>\n\t\t\t\t<div class=\"elementor-column elementor-col-33 elementor-top-column elementor-element elementor-element-c30da13\" data-id=\"c30da13\" data-element_type=\"column\">\n\t\t\t<div class=\"elementor-widget-wrap elementor-element-populated\">\n\t\t\t\t\t\t<div class=\"elementor-element elementor-element-6e388ea elementor-widget elementor-widget-image\" data-id=\"6e388ea\" data-element_type=\"widget\" data-widget_type=\"image.default\">\n\t\t\t\t<div class=\"elementor-widget-container\">\n\t\t\t\t\t\t\t\t\t\t<figure class=\"wp-caption\">\n\t\t\t\t\t\t\t\t\t\t<img loading=\"lazy\" decoding=\"async\" width=\"205\" height=\"288\" src=\"http:\/\/antam.ovh\/wp-content\/uploads\/2020\/11\/insignes.gif\" class=\"attachment-large size-large wp-image-5156\" alt=\"\" \/>\t\t\t\t\t\t\t\t\t\t\t<figcaption class=\"widget-image-caption wp-caption-text\">Insignes....... 5 \u20ac<\/figcaption>\n\t\t\t\t\t\t\t\t\t\t<\/figure>\n\t\t\t\t\t\t\t<\/div>\n\t\t\t\t<\/div>\n\t\t\t\t\t<\/div>\n\t\t<\/div>\n\t\t\t\t<div class=\"elementor-column elementor-col-33 elementor-top-column elementor-element elementor-element-12aa3f3\" data-id=\"12aa3f3\" data-element_type=\"column\">\n\t\t\t<div class=\"elementor-widget-wrap elementor-element-populated\">\n\t\t\t\t\t\t<div class=\"elementor-element elementor-element-634f848 elementor-widget elementor-widget-image\" data-id=\"634f848\" data-element_type=\"widget\" data-widget_type=\"image.default\">\n\t\t\t\t<div class=\"elementor-widget-container\">\n\t\t\t\t\t\t\t\t\t\t<figure class=\"wp-caption\">\n\t\t\t\t\t\t\t\t\t\t<img loading=\"lazy\" decoding=\"async\" width=\"154\" height=\"251\" src=\"http:\/\/antam.ovh\/wp-content\/uploads\/2020\/05\/wp66af55c9_1a-e1591448790806.png\" class=\"attachment-large size-large wp-image-1729\" alt=\"\" \/>\t\t\t\t\t\t\t\t\t\t\t<figcaption class=\"widget-image-caption wp-caption-text\">En \u00e9quipage sur Noratlas..17 \u20ac<\/figcaption>\n\t\t\t\t\t\t\t\t\t\t<\/figure>\n\t\t\t\t\t\t\t<\/div>\n\t\t\t\t<\/div>\n\t\t\t\t\t<\/div>\n\t\t<\/div>\n\t\t\t\t\t<\/div>\n\t\t<\/section>\n\t\t\t\t<section class=\"elementor-section elementor-top-section elementor-element elementor-element-0ef0f4d elementor-section-boxed elementor-section-height-default elementor-section-height-default\" data-id=\"0ef0f4d\" data-element_type=\"section\">\n\t\t\t\t\t\t<div class=\"elementor-container elementor-column-gap-default\">\n\t\t\t\t\t<div class=\"elementor-column elementor-col-100 elementor-top-column elementor-element elementor-element-1c76919\" data-id=\"1c76919\" data-element_type=\"column\">\n\t\t\t<div class=\"elementor-widget-wrap elementor-element-populated\">\n\t\t\t\t\t\t<div class=\"elementor-element elementor-element-eaf65e4 elementor-widget elementor-widget-text-editor\" data-id=\"eaf65e4\" data-element_type=\"widget\" data-widget_type=\"text-editor.default\">\n\t\t\t\t<div class=\"elementor-widget-container\">\n\t\t\t\t\t\t\t<p><span style=\"color: #000080;\"><strong>Envoyez<\/strong><strong> votre commande par mail \u00e0 : &nbsp; boutique@antam.ovh ou par courrier \u00e0 l&rsquo;ANTAM<br><\/strong><\/span><\/p>\n<p><span style=\"color: #003366;\"><strong>Cliquer <a href=\"http:\/\/antam.ovh\/wp-content\/uploads\/2022\/11\/BON-DE-COMMANDE-2022-modif.pdf\">ici<\/a> pour t\u00e9l\u00e9charger le bon de commande. <\/strong><\/span><\/p>\n<p><span style=\"color: #003366;\"><strong>Pas de paiement \u00e0 la commande, seulement apr\u00e8s confirmation des frais de port, d\u00e8s r\u00e9ception de la commande.<br>&nbsp;&nbsp;&nbsp;&nbsp;&nbsp;&nbsp;&nbsp;&nbsp;&nbsp;&nbsp;&nbsp;&nbsp;&nbsp;&nbsp;&nbsp;&nbsp;&nbsp;&nbsp;&nbsp;&nbsp;&nbsp;&nbsp;&nbsp;&nbsp;&nbsp;&nbsp;&nbsp;&nbsp;&nbsp;&nbsp; <\/strong><\/span><\/p>\n<p><span style=\"color: #003366;\"><strong>&nbsp;<\/strong><\/span><\/p>\t\t\t\t\t\t<\/div>\n\t\t\t\t<\/div>\n\t\t\t\t\t<\/div>\n\t\t<\/div>\n\t\t\t\t\t<\/div>\n\t\t<\/section>\n\t\t\t\t<\/div>\n\t\t","protected":false},"excerpt":{"rendered":"<p>Boutique Coupelle m\u00e9tal argent\u00e9&#8230;.20 \u20ac Casquette&#8230;.20 \u20ac. Tape de bouche&#8230;.17\u20ac M\u00e9daille&#8230; 15 \u20ac Coin&rsquo;s&#8230; 5 \u20ac Auto collant FAP&#8230; 1 \u20ac Auto collant ANTAM.1 \u20ac Coupe-papier&#8230; 10 \u20ac Porte-cl\u00e9s&#8230; 1 \u20ac Pin&rsquo;s&#8230; 1 \u20ac Balle de golf&#8230; 5 \u20ac les 3 Masque sanitaire&#8230;..5 \u20ac Transall C160&#8230;&#8230;..25 \u20ac Le TAM&#8230;&#8230;.10 \u20ac Insignes&#8230;&#8230;. 5 \u20ac En \u00e9quipage [&hellip;]<\/p>\n","protected":false},"author":1,"featured_media":0,"parent":0,"menu_order":0,"comment_status":"closed","ping_status":"closed","template":"","meta":[],"_links":{"self":[{"href":"http:\/\/antam.ovh\/index.php\/wp-json\/wp\/v2\/pages\/33"}],"collection":[{"href":"http:\/\/antam.ovh\/index.php\/wp-json\/wp\/v2\/pages"}],"about":[{"href":"http:\/\/antam.ovh\/index.php\/wp-json\/wp\/v2\/types\/page"}],"author":[{"embeddable":true,"href":"http:\/\/antam.ovh\/index.php\/wp-json\/wp\/v2\/users\/1"}],"replies":[{"embeddable":true,"href":"http:\/\/antam.ovh\/index.php\/wp-json\/wp\/v2\/comments?post=33"}],"version-history":[{"count":69,"href":"http:\/\/antam.ovh\/index.php\/wp-json\/wp\/v2\/pages\/33\/revisions"}],"predecessor-version":[{"id":7216,"href":"http:\/\/antam.ovh\/index.php\/wp-json\/wp\/v2\/pages\/33\/revisions\/7216"}],"wp:attachment":[{"href":"http:\/\/antam.ovh\/index.php\/wp-json\/wp\/v2\/media?parent=33"}],"curies":[{"name":"wp","href":"https:\/\/api.w.org\/{rel}","templated":true}]}}