{"id":41,"date":"2020-05-12T17:23:23","date_gmt":"2020-05-12T15:23:23","guid":{"rendered":"http:\/\/antam.ovh\/?page_id=41"},"modified":"2025-10-15T16:51:06","modified_gmt":"2025-10-15T14:51:06","slug":"contacts","status":"publish","type":"page","link":"http:\/\/antam.ovh\/index.php\/contacts\/","title":{"rendered":"Contacts"},"content":{"rendered":"\t\t<div data-elementor-type=\"wp-page\" data-elementor-id=\"41\" class=\"elementor elementor-41\">\n\t\t\t\t\t\t<section class=\"elementor-section elementor-top-section elementor-element elementor-element-f714a88 elementor-section-boxed elementor-section-height-default elementor-section-height-default\" data-id=\"f714a88\" data-element_type=\"section\">\n\t\t\t\t\t\t<div class=\"elementor-container elementor-column-gap-default\">\n\t\t\t\t\t<div class=\"elementor-column elementor-col-50 elementor-top-column elementor-element elementor-element-3df428a\" data-id=\"3df428a\" data-element_type=\"column\">\n\t\t\t<div class=\"elementor-widget-wrap elementor-element-populated\">\n\t\t\t\t\t\t<div class=\"elementor-element elementor-element-f8a2963 elementor-widget__width-initial elementor-widget elementor-widget-google_maps\" data-id=\"f8a2963\" data-element_type=\"widget\" data-widget_type=\"google_maps.default\">\n\t\t\t\t<div class=\"elementor-widget-container\">\n\t\t\t\t\t<div class=\"elementor-custom-embed\">\n\t\t\t<iframe loading=\"lazy\"\n\t\t\t\t\tsrc=\"https:\/\/maps.google.com\/maps?q=Base%20a%C3%A9rienne%20de%20Villacoublay%2C%20France&#038;t=m&#038;z=10&#038;output=embed&#038;iwloc=near\"\n\t\t\t\t\ttitle=\"Base a\u00e9rienne de Villacoublay, France\"\n\t\t\t\t\taria-label=\"Base a\u00e9rienne de Villacoublay, France\"\n\t\t\t><\/iframe>\n\t\t<\/div>\n\t\t\t\t<\/div>\n\t\t\t\t<\/div>\n\t\t\t\t\t<\/div>\n\t\t<\/div>\n\t\t\t\t<div class=\"elementor-column elementor-col-50 elementor-top-column elementor-element elementor-element-ea79dc3\" data-id=\"ea79dc3\" data-element_type=\"column\">\n\t\t\t<div class=\"elementor-widget-wrap elementor-element-populated\">\n\t\t\t\t\t\t<div class=\"elementor-element elementor-element-404cca9 elementor-widget__width-initial elementor-widget elementor-widget-text-editor\" data-id=\"404cca9\" data-element_type=\"widget\" data-widget_type=\"text-editor.default\">\n\t\t\t\t<div class=\"elementor-widget-container\">\n\t\t\t\t\t\t\t<h2><span style=\"color: rgb(0, 51, 102); font-size: 1.25em;\"><b>Association Nationale du Transport A\u00e9rien Militaire<br><\/b><\/span><span style=\"color: rgb(0, 51, 102);\">Base A\u00e9rienne 107<br><\/span><span style=\"color: rgb(0, 51, 102);\">78129 Villacoublay Air<br><\/span><span style=\"color: rgb(0, 51, 102);\">T\u00e9l\u00e9phone:&nbsp;06 64 96 10 54<br><\/span><span style=\"color: rgb(0, 51, 102);\">(Permanence le jeudi de 14.00 h. \u00e0 16.00 h.)<\/span><\/h2><h2><span style=\"color: rgb(0, 51, 102);\"><br><\/span><p><a href=\"mailto:antam@antaminfo.com\" style=\"font-size: 20px; color: rgb(56, 101, 115);\">antam@antaminfo.com<\/a>&nbsp;: courriel de contact de l\u2019ANTAM<\/p><h1><p><a href=\"mailto:secgeneral@antaminfo.com\" style=\"font-size: 20px; color: rgb(56, 101, 115);\">secgeneral@antaminfo.com<\/a>&nbsp;: courriel des secr\u00e9taires g\u00e9n\u00e9raux<\/p><p><a href=\"mailto:tresorier@antaminfo.com\" style=\"font-size: 20px; color: rgb(56, 101, 115);\">tresorier@antaminfo.com<\/a>&nbsp;: courriel du tr\u00e9sorier<\/p><p><a href=\"mailto:president@antaminfo.com\" style=\"font-size: 20px; color: rgb(56, 101, 115);\">president@antaminfo.com<\/a>&nbsp;: courriel du pr\u00e9sident<\/p><\/h1><\/h2>\n<p><span style=\"color: rgb(0, 51, 102);\"><\/span><\/p>\n<p><span style=\"color: rgb(0, 51, 102);\"><\/span><\/p>\n<p><span style=\"color: rgb(0, 51, 102);\"><\/span><\/p>\n<p><span style=\"color: rgb(0, 51, 102);\"><\/span><\/p>\n<p><span style=\"color: rgb(0, 51, 102);\"><\/span><\/p>\n<p><span style=\"color: rgb(0, 51, 102);\"><\/span><\/p>\n<p style=\"font-weight: 600; color: rgb(246, 248, 250); text-align: center; background-color: rgb(180, 180, 180);\">\n<\/p><ul>\n<\/ul>\t\t\t\t\t\t<\/div>\n\t\t\t\t<\/div>\n\t\t\t\t\t<\/div>\n\t\t<\/div>\n\t\t\t\t\t<\/div>\n\t\t<\/section>\n\t\t\t\t<\/div>\n\t\t","protected":false},"excerpt":{"rendered":"<p>Association Nationale du Transport A\u00e9rien MilitaireBase A\u00e9rienne 10778129 Villacoublay AirT\u00e9l\u00e9phone:&nbsp;06 64 96 10 54(Permanence le jeudi de 14.00 h. \u00e0 16.00 h.)antam@antaminfo.com&nbsp;: courriel de contact de l\u2019ANTAMsecgeneral@antaminfo.com&nbsp;: courriel des secr\u00e9taires g\u00e9n\u00e9rauxtresorier@antaminfo.com&nbsp;: courriel du tr\u00e9sorierpresident@antaminfo.com&nbsp;: courriel du pr\u00e9sident<\/p>\n","protected":false},"author":1,"featured_media":0,"parent":0,"menu_order":0,"comment_status":"closed","ping_status":"closed","template":"page-templates\/full-width-page.php","meta":[],"_links":{"self":[{"href":"http:\/\/antam.ovh\/index.php\/wp-json\/wp\/v2\/pages\/41"}],"collection":[{"href":"http:\/\/antam.ovh\/index.php\/wp-json\/wp\/v2\/pages"}],"about":[{"href":"http:\/\/antam.ovh\/index.php\/wp-json\/wp\/v2\/types\/page"}],"author":[{"embeddable":true,"href":"http:\/\/antam.ovh\/index.php\/wp-json\/wp\/v2\/users\/1"}],"replies":[{"embeddable":true,"href":"http:\/\/antam.ovh\/index.php\/wp-json\/wp\/v2\/comments?post=41"}],"version-history":[{"count":20,"href":"http:\/\/antam.ovh\/index.php\/wp-json\/wp\/v2\/pages\/41\/revisions"}],"predecessor-version":[{"id":11815,"href":"http:\/\/antam.ovh\/index.php\/wp-json\/wp\/v2\/pages\/41\/revisions\/11815"}],"wp:attachment":[{"href":"http:\/\/antam.ovh\/index.php\/wp-json\/wp\/v2\/media?parent=41"}],"curies":[{"name":"wp","href":"https:\/\/api.w.org\/{rel}","templated":true}]}}