{"id":4243,"date":"2020-07-07T19:41:57","date_gmt":"2020-07-07T17:41:57","guid":{"rendered":"http:\/\/antam.ovh\/?page_id=4243"},"modified":"2020-07-07T19:50:11","modified_gmt":"2020-07-07T17:50:11","slug":"nord-2501-n105","status":"publish","type":"page","link":"http:\/\/antam.ovh\/index.php\/nord-2501-n105\/","title":{"rendered":"Nord 2501 n105"},"content":{"rendered":"\t\t<div data-elementor-type=\"wp-page\" data-elementor-id=\"4243\" class=\"elementor elementor-4243\">\n\t\t\t\t\t\t<section class=\"elementor-section elementor-top-section elementor-element elementor-element-5602249 elementor-section-boxed elementor-section-height-default elementor-section-height-default\" data-id=\"5602249\" data-element_type=\"section\">\n\t\t\t\t\t\t<div class=\"elementor-container elementor-column-gap-default\">\n\t\t\t\t\t<div class=\"elementor-column elementor-col-100 elementor-top-column elementor-element elementor-element-6e3b50c\" data-id=\"6e3b50c\" data-element_type=\"column\">\n\t\t\t<div class=\"elementor-widget-wrap elementor-element-populated\">\n\t\t\t\t\t\t<div class=\"elementor-element elementor-element-e091f33 elementor-widget elementor-widget-heading\" data-id=\"e091f33\" data-element_type=\"widget\" data-widget_type=\"heading.default\">\n\t\t\t\t<div class=\"elementor-widget-container\">\n\t\t\t<h2 class=\"elementor-heading-title elementor-size-default\">Le Nord 2501 n\u00b0105, class\u00e9 Monument Historique, f\u00eate ses 60 ans. <br>         &nbsp;\nIl continue de voler gr\u00e2ce \u00e0 l\u2019association \u00ab&nbsp;Le Noratlas de Provence&nbsp;\u00bb\n<\/h2>\t\t<\/div>\n\t\t\t\t<\/div>\n\t\t\t\t\t<\/div>\n\t\t<\/div>\n\t\t\t\t\t<\/div>\n\t\t<\/section>\n\t\t\t\t<section class=\"elementor-section elementor-top-section elementor-element elementor-element-51a6280 elementor-section-boxed elementor-section-height-default elementor-section-height-default\" data-id=\"51a6280\" data-element_type=\"section\">\n\t\t\t\t\t\t<div class=\"elementor-container elementor-column-gap-default\">\n\t\t\t\t\t<div class=\"elementor-column elementor-col-100 elementor-top-column elementor-element elementor-element-ca939e7\" data-id=\"ca939e7\" data-element_type=\"column\">\n\t\t\t<div class=\"elementor-widget-wrap elementor-element-populated\">\n\t\t\t\t\t\t<div class=\"elementor-element elementor-element-84492db elementor-widget elementor-widget-text-editor\" data-id=\"84492db\" data-element_type=\"widget\" data-widget_type=\"text-editor.default\">\n\t\t\t\t<div class=\"elementor-widget-container\">\n\t\t\t\t\t\t\t<p><span style=\"color: #003366;\">Le samedi 9 avril 2007, l\u2019association \u00ab\u00a0Le Noratlas de Provence\u00a0\u00bb f\u00eatait, sur le terrain d\u2019Aix-les-Milles, le soixanti\u00e8me anniversaire du N 2501 n\u00b0 105, le seul Noratlas qui vole encore. L\u2019association l\u2019avait remis en \u00e9tat de vol, apr\u00e8s trois ans de travaux, en 1995. Il participe depuis \u00e0 de nombreux salons a\u00e9ronautiques, meetings et \u00ab\u00a0Journ\u00e9es portes ouvertes\u00a0\u00bb. Ce Noratlas a \u00e9t\u00e9 class\u00e9 \u00ab\u00a0Monument historique\u00a0\u00bb en 2007. L\u2019association ne regroupe que des b\u00e9n\u00e9voles, anciens militaires et civils, formant un groupe tr\u00e8s soud\u00e9, plein d\u2019enthousiasme, enthousiasme qu\u2019il a su faire partager aux trois cent invit\u00e9s de cette tr\u00e8s belle journ\u00e9e. Le C 160 pr\u00e9sent sur le parking \u00e9tait un Transall du LTG (LuftTransportGeschwader) 63 avec lequel l\u2019association est jumel\u00e9e<\/span><\/p>\t\t\t\t\t\t<\/div>\n\t\t\t\t<\/div>\n\t\t\t\t\t<\/div>\n\t\t<\/div>\n\t\t\t\t\t<\/div>\n\t\t<\/section>\n\t\t\t\t<section class=\"elementor-section elementor-top-section elementor-element elementor-element-4f9c98c elementor-section-boxed elementor-section-height-default elementor-section-height-default\" data-id=\"4f9c98c\" data-element_type=\"section\">\n\t\t\t\t\t\t<div class=\"elementor-container elementor-column-gap-default\">\n\t\t\t\t\t<div class=\"elementor-column elementor-col-100 elementor-top-column elementor-element elementor-element-cb4f79c\" data-id=\"cb4f79c\" data-element_type=\"column\">\n\t\t\t<div class=\"elementor-widget-wrap\">\n\t\t\t\t\t\t\t<\/div>\n\t\t<\/div>\n\t\t\t\t\t<\/div>\n\t\t<\/section>\n\t\t\t\t<\/div>\n\t\t","protected":false},"excerpt":{"rendered":"<p>Le Nord 2501 n\u00b0105, class\u00e9 Monument Historique, f\u00eate ses 60 ans. &nbsp; Il continue de voler gr\u00e2ce \u00e0 l\u2019association \u00ab&nbsp;Le Noratlas de Provence&nbsp;\u00bb Le samedi 9 avril 2007, l\u2019association \u00ab\u00a0Le Noratlas de Provence\u00a0\u00bb f\u00eatait, sur le terrain d\u2019Aix-les-Milles, le soixanti\u00e8me anniversaire du N 2501 n\u00b0 105, le seul Noratlas qui vole encore. L\u2019association l\u2019avait remis [&hellip;]<\/p>\n","protected":false},"author":1,"featured_media":0,"parent":0,"menu_order":0,"comment_status":"closed","ping_status":"closed","template":"","meta":[],"_links":{"self":[{"href":"http:\/\/antam.ovh\/index.php\/wp-json\/wp\/v2\/pages\/4243"}],"collection":[{"href":"http:\/\/antam.ovh\/index.php\/wp-json\/wp\/v2\/pages"}],"about":[{"href":"http:\/\/antam.ovh\/index.php\/wp-json\/wp\/v2\/types\/page"}],"author":[{"embeddable":true,"href":"http:\/\/antam.ovh\/index.php\/wp-json\/wp\/v2\/users\/1"}],"replies":[{"embeddable":true,"href":"http:\/\/antam.ovh\/index.php\/wp-json\/wp\/v2\/comments?post=4243"}],"version-history":[{"count":4,"href":"http:\/\/antam.ovh\/index.php\/wp-json\/wp\/v2\/pages\/4243\/revisions"}],"predecessor-version":[{"id":4279,"href":"http:\/\/antam.ovh\/index.php\/wp-json\/wp\/v2\/pages\/4243\/revisions\/4279"}],"wp:attachment":[{"href":"http:\/\/antam.ovh\/index.php\/wp-json\/wp\/v2\/media?parent=4243"}],"curies":[{"name":"wp","href":"https:\/\/api.w.org\/{rel}","templated":true}]}}