{"id":1421,"date":"2020-06-01T15:08:10","date_gmt":"2020-06-01T13:08:10","guid":{"rendered":"http:\/\/antam.ovh\/?page_id=1421"},"modified":"2020-06-19T15:26:17","modified_gmt":"2020-06-19T13:26:17","slug":"statuts","status":"publish","type":"page","link":"https:\/\/antam.ovh\/index.php\/statuts\/","title":{"rendered":"Statuts"},"content":{"rendered":"\t\t<div data-elementor-type=\"wp-page\" data-elementor-id=\"1421\" class=\"elementor elementor-1421\">\n\t\t\t\t\t\t<section class=\"elementor-section elementor-top-section elementor-element elementor-element-eeeed32 elementor-section-boxed elementor-section-height-default elementor-section-height-default\" data-id=\"eeeed32\" data-element_type=\"section\">\n\t\t\t\t\t\t<div class=\"elementor-container elementor-column-gap-default\">\n\t\t\t\t\t<div class=\"elementor-column elementor-col-100 elementor-top-column elementor-element elementor-element-785d236d\" data-id=\"785d236d\" data-element_type=\"column\">\n\t\t\t<div class=\"elementor-widget-wrap elementor-element-populated\">\n\t\t\t\t\t\t<div class=\"elementor-element elementor-element-d2efc30 elementor-widget elementor-widget-heading\" data-id=\"d2efc30\" data-element_type=\"widget\" data-widget_type=\"heading.default\">\n\t\t\t\t<div class=\"elementor-widget-container\">\n\t\t\t<h2 class=\"elementor-heading-title elementor-size-default\">Statuts de l'association<\/h2>\t\t<\/div>\n\t\t\t\t<\/div>\n\t\t\t\t<div class=\"elementor-element elementor-element-74f5465e elementor-widget elementor-widget-text-editor\" data-id=\"74f5465e\" data-element_type=\"widget\" data-widget_type=\"text-editor.default\">\n\t\t\t\t<div class=\"elementor-widget-container\">\n\t\t\t\t\t\t\t<!-- wp:paragraph -->\n<p><span style=\"color: #003366;\"><strong>\u00a0<\/strong><\/span><\/p>\n<p><span style=\"color: #003366;\"><!-- \/wp:paragraph --><!-- wp:paragraph --><\/span><\/p>\n<p style=\"text-align: left;\"><span style=\"color: #003366;\"><strong>Article 1er &#8211; DENOMINATION<\/strong><\/span><\/p>\n<p><span style=\"color: #003366;\"><!-- \/wp:paragraph --><!-- wp:paragraph --><\/span><\/p>\n<p style=\"text-align: left;\"><span style=\"color: #003366;\">Il est fond\u00e9 entre les adh\u00e9rents aux pr\u00e9sents statuts une association r\u00e9gie par la loi du er juillet 1901 et le d\u00e9cret du 16 ao\u00fbt 1901 ayant pour titre :<\/span><\/p>\n<p><span style=\"color: #003366;\"><!-- \/wp:paragraph --><!-- wp:paragraph --><\/span><\/p>\n<p style=\"text-align: left;\"><span style=\"color: #003366;\"><strong>\u00ab ASSOCIATION NATIONALE DU TRANSPORT AERIEN MILITAIRE \u00bb<\/strong><\/span><\/p>\n<p><span style=\"color: #003366;\"><!-- \/wp:paragraph --><!-- wp:paragraph --><\/span><\/p>\n<p style=\"text-align: left;\"><span style=\"color: #003366;\"><strong>(ANTAM)<\/strong><\/span><\/p>\n<p><span style=\"color: #003366;\"><!-- \/wp:paragraph --><!-- wp:paragraph --><\/span><\/p>\n<p style=\"text-align: left;\"><span style=\"color: #003366;\"><strong>Article 2 \u2014 SIEGE<\/strong><\/span><\/p>\n<p><span style=\"color: #003366;\"><!-- \/wp:paragraph --><!-- wp:paragraph --><\/span><\/p>\n<p style=\"text-align: left;\"><span style=\"color: #003366;\">L&rsquo;ANTAM a son si\u00e8ge \u00e0 :<\/span><\/p>\n<p><span style=\"color: #003366;\"><!-- \/wp:paragraph --><!-- wp:paragraph --><\/span><\/p>\n<p style=\"text-align: left;\"><span style=\"color: #003366;\"><strong>Base a\u00e9rienne 107<\/strong><\/span><\/p>\n<p><span style=\"color: #003366;\"><!-- \/wp:paragraph --><!-- wp:paragraph --><\/span><\/p>\n<p style=\"text-align: left;\"><span style=\"color: #003366;\"><strong>78129 VILLACOUBLAY AIR<\/strong><\/span><\/p>\n<p><span style=\"color: #003366;\"><!-- \/wp:paragraph --><!-- wp:paragraph --><\/span><\/p>\n<p style=\"text-align: left;\"><span style=\"color: #003366;\">Il peut \u00eatre transf\u00e9r\u00e9 par simple d\u00e9cision du conseil d&rsquo;administration qui en demande la ratification \u00e0 l&rsquo;assembl\u00e9e g\u00e9n\u00e9rale qui suit.<\/span><\/p>\n<p><span style=\"color: #003366;\"><!-- \/wp:paragraph --><!-- wp:paragraph --><\/span><\/p>\n<p style=\"text-align: left;\"><span style=\"color: #003366;\"><strong>Article 3 &#8212; OBJET<\/strong><\/span><\/p>\n<p><span style=\"color: #003366;\"><!-- \/wp:paragraph --><!-- wp:paragraph --><\/span><\/p>\n<p style=\"text-align: left;\"><span style=\"color: #003366;\">L&rsquo;ANTAM a pour objet :<\/span><\/p>\n<p><span style=\"color: #003366;\"><!-- \/wp:paragraph --><!-- wp:paragraph --><\/span><\/p>\n<p style=\"text-align: left;\"><span style=\"color: #003366;\">\u00a0\u00a0\u00a0\u00a0\u00a0\u00a0\u00a0\u00a0\u00a0de contribuer \u00e0 la conservation <em>et \u00e0 <\/em>la transmission du patrimoine et de la m\u00e9moire des forces a\u00e9riennes et en particulier du Transport a\u00e9rien militaire;<\/span><\/p>\n<p><span style=\"color: #003366;\"><!-- \/wp:paragraph --><!-- wp:paragraph --><\/span><\/p>\n<p style=\"text-align: left;\"><span style=\"color: #003366;\">\u00a0\u00a0\u00a0\u00a0\u00a0\u00a0\u00a0de maintenir les traditions, entretenir le souvenir et conserver les liens de camaraderie entre les personnels appartenant ou ayant appartenu au transport a\u00e9rien militaire;<\/span><\/p>\n<p><span style=\"color: #003366;\"><!-- \/wp:paragraph --><!-- wp:paragraph --><\/span><\/p>\n<p style=\"text-align: left;\"><span style=\"color: #003366;\">\u00a0\u00a0\u00a0\u00a0\u00a0\u00a0\u00a0\u00a0d&rsquo;assurer l&rsquo;aide morale et, \u00e9ventuellement, l&rsquo;aide mat\u00e9rielle d&rsquo;urgence aux camarades dans le malheur ou le besoin, ainsi qu&rsquo;\u00e0 leur famille; \u00a0<\/span><\/p>\n<p><span style=\"color: #003366;\"><!-- \/wp:paragraph --><!-- wp:paragraph --><\/span><\/p>\n<p style=\"text-align: left;\"><span style=\"color: #003366;\">\u00a0\u00a0\u00a0\u00a0\u00a0\u00a0\u00a0\u00a0\u00a0\u00a0\u00a0de favoriser l&rsquo;essor des associations regroupant des personnels appartenant ou ayant<\/span><\/p>\n<p><span style=\"color: #003366;\"><!-- \/wp:paragraph --><!-- wp:paragraph --><\/span><\/p>\n<p style=\"text-align: left;\"><span style=\"color: #003366;\">appartenu \u00e0 des unit\u00e9s du transport a\u00e9rien militaire.<\/span><\/p>\n<p><span style=\"color: #003366;\"><!-- \/wp:paragraph --><!-- wp:paragraph --><\/span><\/p>\n<p style=\"text-align: left;\"><span style=\"color: #003366;\"><strong>Article 4 \u2014 ACTIVIT\u00c9S<\/strong><\/span><\/p>\n<p><span style=\"color: #003366;\"><!-- \/wp:paragraph --><!-- wp:paragraph --><\/span><\/p>\n<p style=\"text-align: left;\"><span style=\"color: #003366;\">Les activit\u00e9s <em>de <\/em>l&rsquo;association sont notamment :<\/span><\/p>\n<p><span style=\"color: #003366;\"><!-- \/wp:paragraph --><!-- wp:paragraph --><\/span><\/p>\n<p style=\"text-align: left;\"><span style=\"color: #003366;\">\u00a0\u00a0\u00a0\u00a0\u00a0\u00a0\u00a0\u00a0\u00a0\u00a0\u00a0la contribution aux espaces traditions et aux mus\u00e9es des bases a\u00e9riennes,<\/span><\/p>\n<p><span style=\"color: #003366;\"><!-- \/wp:paragraph --><!-- wp:paragraph --><\/span><\/p>\n<p style=\"text-align: left;\"><span style=\"color: #003366;\">\u00a0\u00a0\u00a0\u00a0\u00a0\u00a0\u00a0\u00a0\u00a0\u00a0\u00a0l&rsquo;organisation de r\u00e9union, de conf\u00e9rences, d&rsquo;exposition, de voyages l&rsquo;\u00e9dition et la diffusion de publication;<\/span><\/p>\n<p><span style=\"color: #003366;\"><!-- \/wp:paragraph --><!-- wp:paragraph --><\/span><\/p>\n<p style=\"text-align: left;\"><span style=\"color: #003366;\">\u00a0\u00a0\u00a0\u00a0\u00a0\u00a0\u00a0\u00a0\u00a0\u00a0\u00a0la participation \u00e0 tous moyens d&rsquo;expression.<\/span><\/p>\n<p><span style=\"color: #003366;\"><!-- \/wp:paragraph --><!-- wp:paragraph --><\/span><\/p>\n<p style=\"text-align: left;\"><span style=\"color: #003366;\"><strong>Article 5 &#8211; LES MEMBRES<\/strong><\/span><\/p>\n<p><span style=\"color: #003366;\"><!-- \/wp:paragraph --><!-- wp:paragraph --><\/span><\/p>\n<p style=\"text-align: left;\"><span style=\"color: #003366;\">L&rsquo;association se compose de membres actifs, de membres associ\u00e9s, de membres d&rsquo;honneur et de membres sympathisants.<\/span><\/p>\n<p><span style=\"color: #003366;\"><!-- \/wp:paragraph --><!-- wp:paragraph --><\/span><\/p>\n<p style=\"text-align: left;\"><span style=\"color: #003366;\"><strong>\u00a0\u00a0\u00a0\u00a0\u00a0Article 5.1 \u2014 LES MEMBRES ACTIFS<\/strong><\/span><\/p>\n<p><span style=\"color: #003366;\"><!-- \/wp:paragraph --><!-- wp:paragraph --><\/span><\/p>\n<p style=\"text-align: left;\"><span style=\"color: #003366;\">Pour \u00eatre membre actif, il faut appartenir ou avoir appartenu \u00e0 une unit\u00e9 de TRANSPORT AERIEN MILITAIRE (militaire d&rsquo;active ou effectuant le service national, de r\u00e9serve, honoraire, retrait\u00e9 en disponibilit\u00e9 et personnel civil) et verser une cotisation annuelle dont le montant est fix\u00e9 par le conseil d&rsquo;administration et vot\u00e9 par l&rsquo;assembl\u00e9e g\u00e9n\u00e9rale.<\/span><\/p>\n<p><span style=\"color: #003366;\"><!-- \/wp:paragraph --><!-- wp:paragraph --><\/span><\/p>\n<p style=\"text-align: left;\"><span style=\"color: #003366;\"><strong>\u00a0\u00a0\u00a0\u00a0\u00a0Article 5.2\u2014 LES MEMBRES ASSOCIES<\/strong><\/span><\/p>\n<p><span style=\"color: #003366;\"><!-- \/wp:paragraph --><!-- wp:paragraph --><\/span><\/p>\n<p style=\"text-align: left;\"><span style=\"color: #003366;\">Peuvent \u00eatre admis comme membres associ\u00e9s :<\/span><\/p>\n<p><span style=\"color: #003366;\"><!-- \/wp:paragraph --><!-- wp:paragraph --><\/span><\/p>\n<p style=\"text-align: left;\"><span style=\"color: #003366;\">\u00a0les enfants majeurs des personnels disparus ayant appartenu au transport a\u00e9rien militaire ;<\/span><\/p>\n<p><span style=\"color: #003366;\"><!-- \/wp:paragraph --><!-- wp:paragraph --><\/span><\/p>\n<p style=\"text-align: left;\"><span style=\"color: #003366;\">\u00a0les personnels qui ont \u00e9t\u00e9 \u00e9troitement associ\u00e9s aux activit\u00e9s du transport a\u00e9rien militaire.<\/span><\/p>\n<p><span style=\"color: #003366;\"><!-- \/wp:paragraph --><!-- wp:paragraph --><\/span><\/p>\n<p style=\"text-align: left;\"><span style=\"color: #003366;\"><strong>\u00a0\u00a0\u00a0\u00a0\u00a0Article 5.3 \u2014 LES MEMBRES D&rsquo;HONNEUR<\/strong><\/span><\/p>\n<p><span style=\"color: #003366;\"><!-- \/wp:paragraph --><!-- wp:paragraph --><\/span><\/p>\n<p style=\"text-align: left;\"><span style=\"color: #003366;\">Le conseil d&rsquo;administration peut d\u00e9cerne le titre de membre d&rsquo;honneur \u00e0 toute personne civile ou morale ayant rendu des services signal\u00e9s au transport a\u00e9rien militaire ou \u00e0 l&rsquo;association.<\/span><\/p>\n<p><span style=\"color: #003366;\"><!-- \/wp:paragraph --><!-- wp:paragraph --><\/span><\/p>\n<p style=\"text-align: left;\"><span style=\"color: #003366;\">Les associations, personnes morales, vis\u00e9es \u00e0 l&rsquo;article 3 ainsi que les conjoints des personnels disparus en service ayant appartenu au transport a\u00e9rien militaire peuvent \u00eatre membres d&rsquo;honneur. Pour les membres d&rsquo;honneur, le versement de la cotisation est facultatif.<\/span><\/p>\n<p><span style=\"color: #003366;\"><!-- \/wp:paragraph --><!-- wp:paragraph --><\/span><\/p>\n<p style=\"text-align: left;\"><span style=\"color: #003366;\"><strong>\u00a0\u00a0\u00a0\u00a0\u00a0Article 5.4 \u2014 LES MEMBRES SYMPATHISANTS<\/strong><\/span><\/p>\n<p><span style=\"color: #003366;\"><!-- \/wp:paragraph --><!-- wp:paragraph --><\/span><\/p>\n<p style=\"text-align: left;\"><span style=\"color: #003366;\">Le conseil d&rsquo;administration peut d\u00e9cider d&rsquo;accepter comme membre sympathisant toute personne manifestant le d\u00e9sir de participer aux activit\u00e9s de l&rsquo;ANTAM dans le respect des valeurs du TAM et des objectifs de l&rsquo;association. Les membres sympathisants doivent acquitter la cotisation.<\/span><\/p>\n<p><span style=\"color: #003366;\"><!-- \/wp:paragraph --><!-- wp:paragraph --><\/span><\/p>\n<p style=\"text-align: left;\"><span style=\"color: #003366;\"><strong>Article 6 \u2014 RADIATIONS<\/strong><\/span><\/p>\n<p><span style=\"color: #003366;\"><!-- \/wp:paragraph --><!-- wp:paragraph --><\/span><\/p>\n<p style=\"text-align: left;\"><span style=\"color: #003366;\">La qualit\u00e9 de membre se perd par :<\/span><\/p>\n<p><span style=\"color: #003366;\"><!-- \/wp:paragraph --><!-- wp:paragraph --><\/span><\/p>\n<p style=\"text-align: left;\"><span style=\"color: #003366;\">\u00a0\u00a0\u00a0\u00a0\u00a0\u00a0\u00a0\u00a0\u00a0\u00a0\u00a0\u00a0\u00a0\u00a0la d\u00e9mission;<\/span><\/p>\n<p><span style=\"color: #003366;\"><!-- \/wp:paragraph --><!-- wp:paragraph --><\/span><\/p>\n<p style=\"text-align: left;\"><span style=\"color: #003366;\">\u00a0\u00a0\u00a0\u00a0\u00a0\u00a0\u00a0\u00a0\u00a0le d\u00e9c\u00e8s;<\/span><\/p>\n<p><span style=\"color: #003366;\"><!-- \/wp:paragraph --><!-- wp:paragraph --><\/span><\/p>\n<p style=\"text-align: left;\"><span style=\"color: #003366;\">\u00a0\u00a0\u00a0\u00a0\u00a0\u00a0\u00a0\u00a0\u00a0\u00a0la radiation prononc\u00e9e par la conseil d&rsquo;administration pour non paiement de la cotisation ou pour motifs graves dans les conditions pr\u00e9vues par le r\u00e8glement int\u00e9rieur_<\/span><\/p>\n<p><span style=\"color: #003366;\"><!-- \/wp:paragraph --><!-- wp:paragraph --><\/span><\/p>\n<p style=\"text-align: left;\"><span style=\"color: #003366;\"><strong>Article 7 \u2014 LES RESSOURCES<\/strong><\/span><\/p>\n<p><span style=\"color: #003366;\"><!-- \/wp:paragraph --><!-- wp:paragraph --><\/span><\/p>\n<p style=\"text-align: left;\"><span style=\"color: #003366;\">Les ressources de l&rsquo;association comprennent :<\/span><\/p>\n<p><span style=\"color: #003366;\"><!-- \/wp:paragraph --><!-- wp:paragraph --><\/span><\/p>\n<p style=\"text-align: left;\"><span style=\"color: #003366;\">\u00a0\u00a0\u00a0\u00a0\u00a0\u00a0\u00a0\u00a0\u00a0\u00a0\u00a0le montant des cotisations ;<\/span><\/p>\n<p><span style=\"color: #003366;\"><!-- \/wp:paragraph --><!-- wp:paragraph --><\/span><\/p>\n<p style=\"text-align: left;\"><span style=\"color: #003366;\">\u00a0\u00a0\u00e9ventuellement le montant de droits d&rsquo;entr\u00e9e;<\/span><\/p>\n<p><span style=\"color: #003366;\"><!-- \/wp:paragraph --><!-- wp:paragraph --><\/span><\/p>\n<p style=\"text-align: left;\"><span style=\"color: #003366;\">\u00a0\u00a0\u00a0\u00a0\u00a0\u00a0\u00a0\u00a0\u00a0\u00a0\u00a0le montant de toutes autres ressources autoris\u00e9es par les textes l\u00e9gaux.<\/span><\/p>\n<p><span style=\"color: #003366;\"><!-- \/wp:paragraph --><!-- wp:paragraph --><\/span><\/p>\n<p style=\"text-align: left;\"><span style=\"color: #003366;\"><strong>Article 8 \u2014 CONSEIL D&rsquo;ADMINISTRATION<\/strong><\/span><\/p>\n<p><span style=\"color: #003366;\"><!-- \/wp:paragraph --><!-- wp:paragraph --><\/span><\/p>\n<p style=\"text-align: left;\"><span style=\"color: #003366;\">L&rsquo;association est dirig\u00e9e par un conseil d&rsquo;administration de vingt et un membres \u00e9lus parmi les membres actifs pour une dur\u00e9e de trois ans. Ils sont r\u00e9\u00e9ligibles. Les fonctions d&rsquo;administrateur sont b\u00e9n\u00e9voles.<\/span><\/p>\n<p><span style=\"color: #003366;\"><!-- \/wp:paragraph --><!-- wp:paragraph --><\/span><\/p>\n<p style=\"text-align: left;\"><span style=\"color: #003366;\">Le G\u00e9n\u00e9ral commandant la composante Transport a\u00e9rien militaire des forces a\u00e9riennes (COTAI) est de droit membre du conseil d&rsquo;administration.<\/span><\/p>\n<p><span style=\"color: #003366;\"><!-- \/wp:paragraph --><!-- wp:paragraph --><\/span><\/p>\n<p style=\"text-align: left;\"><span style=\"color: #003366;\">Le conseil choisit parmi ses membres, au scrutin secret, un bureau compos\u00e9 d&rsquo;au moins trois membres :<\/span><\/p>\n<p><span style=\"color: #003366;\"><!-- \/wp:paragraph --><!-- wp:paragraph --><\/span><\/p>\n<p style=\"text-align: left;\"><span style=\"color: #003366;\">un pr\u00e9sident;<\/span><\/p>\n<p><span style=\"color: #003366;\"><!-- \/wp:paragraph --><!-- wp:paragraph --><\/span><\/p>\n<p style=\"text-align: left;\"><span style=\"color: #003366;\">un secr\u00e9taire g\u00e9n\u00e9ral;<\/span><\/p>\n<p><span style=\"color: #003366;\"><!-- \/wp:paragraph --><!-- wp:paragraph --><\/span><\/p>\n<p style=\"text-align: left;\"><span style=\"color: #003366;\">\u00a0\u00a0\u00a0\u00a0\u00a0\u00a0\u00a0\u00a0\u00a0\u00a0un tr\u00e9sorier g\u00e9n\u00e9ral.<\/span><\/p>\n<p><span style=\"color: #003366;\"><!-- \/wp:paragraph --><!-- wp:paragraph --><\/span><\/p>\n<p style=\"text-align: left;\"><span style=\"color: #003366;\">Le pr\u00e9sident repr\u00e9sente l&rsquo;association dans tous les actes de la vie civile. Il ordonnance les d\u00e9penses. Il peut donner d\u00e9l\u00e9gation dans les conditions qui sont fix\u00e9es par le r\u00e8glement int\u00e9rieur.<\/span><\/p>\n<p><span style=\"color: #003366;\"><!-- \/wp:paragraph --><!-- wp:paragraph --><\/span><\/p>\n<p style=\"text-align: left;\"><span style=\"color: #003366;\">En cas de repr\u00e9sentation en justice, le pr\u00e9sident ne peut \u00eatre remplac\u00e9 que par un mandataire agissant en vertu d&rsquo;une procuration sp\u00e9ciale_ Les repr\u00e9sentants de l&rsquo;association doivent jouir du plein exercice de leurs droits civils.<\/span><\/p>\n<p><span style=\"color: #003366;\"><!-- \/wp:paragraph --><!-- wp:paragraph --><\/span><\/p>\n<p style=\"text-align: left;\"><span style=\"color: #003366;\"><strong>Article 9 \u2014 REUNION DU CONSEIL D&rsquo;ADMINISTRATION<\/strong><\/span><\/p>\n<p><span style=\"color: #003366;\"><!-- \/wp:paragraph --><!-- wp:paragraph --><\/span><\/p>\n<p style=\"text-align: left;\"><span style=\"color: #003366;\">Le conseil d&rsquo;administration se r\u00e9unit au moins deux fois par an sur convocation du pr\u00e9sident. ou sur demande du quart de ses membres.<\/span><\/p>\n<p><span style=\"color: #003366;\"><!-- \/wp:paragraph --><!-- wp:paragraph --><\/span><\/p>\n<p style=\"text-align: left;\"><span style=\"color: #003366;\">Les d\u00e9cisions sont prises \u00e0 la majorit\u00e9 des voix ; en cas de partage, la voix du pr\u00e9sident est pr\u00e9pond\u00e9rante.<\/span><\/p>\n<p><span style=\"color: #003366;\"><!-- \/wp:paragraph --><!-- wp:paragraph --><\/span><\/p>\n<p style=\"text-align: left;\"><span style=\"color: #003366;\">Tout membre du conseil qui, sans excuse, n&rsquo;aura pas assist\u00e9 \u00e0 trois r\u00e9unions cons\u00e9cutives sera consid\u00e9r\u00e9 comme d\u00e9missionnaire.<\/span><\/p>\n<p><span style=\"color: #003366;\"><!-- \/wp:paragraph --><!-- wp:paragraph --><\/span><\/p>\n<p style=\"text-align: left;\"><span style=\"color: #003366;\"><strong>Article 10 \u2014 ASSEMBLEE GENERALE ORDINAIRE<\/strong><\/span><\/p>\n<p><span style=\"color: #003366;\"><!-- \/wp:paragraph --><!-- wp:paragraph --><\/span><\/p>\n<p style=\"text-align: left;\"><span style=\"color: #003366;\">L&rsquo;assembl\u00e9e g\u00e9n\u00e9rale ordinaire comprend tous les membres de l&rsquo;association et se r\u00e9unit au moins une fois par an.<\/span><\/p>\n<p><span style=\"color: #003366;\"><!-- \/wp:paragraph --><!-- wp:paragraph --><\/span><\/p>\n<p style=\"text-align: left;\"><span style=\"color: #003366;\">Les membres de l&rsquo;association sont convoqu\u00e9s trente jours avant par les soins du secr\u00e9taire g\u00e9n\u00e9ral par tous moyens postaux ou \u00e9lectroniques. L&rsquo;ordre du jour, pr\u00e9par\u00e9 par le conseil d&rsquo;administration, est mentionn\u00e9 sur les convocations.<\/span><\/p>\n<p><span style=\"color: #003366;\"><!-- \/wp:paragraph --><!-- wp:paragraph --><\/span><\/p>\n<p style=\"text-align: left;\"><span style=\"color: #003366;\">Le pr\u00e9sident, assist\u00e9 des membres du conseil, pr\u00e9side l&rsquo;assembl\u00e9e et expose la situation morale de l&rsquo;association.<\/span><\/p>\n<p><span style=\"color: #003366;\"><!-- \/wp:paragraph --><!-- wp:paragraph --><\/span><\/p>\n<p style=\"text-align: left;\"><span style=\"color: #003366;\">Le tr\u00e9sorier g\u00e9n\u00e9ral rend compte de sa gestion et soumet le bilan \u00e0 l&rsquo;approbation de l&rsquo;assembl\u00e9e. Il est proc\u00e9d\u00e9, apr\u00e8s \u00e9puisement de l&rsquo;ordre du jour, au renouvellement des membres du conseil d&rsquo;administration.<\/span><\/p>\n<p><span style=\"color: #003366;\"><!-- \/wp:paragraph --><!-- wp:paragraph --><\/span><\/p>\n<p style=\"text-align: left;\"><span style=\"color: #003366;\">Les d\u00e9cisions sont prises \u00e0 la majorit\u00e9 des membres actifs pr\u00e9sents ou repr\u00e9sent\u00e9s. Chaque membre actif peut se faire repr\u00e9senter par un membre actif pr\u00e9sent qui, en plus de sa voix, ne pourra disposer que de vingt pouvoirs maximum.<\/span><\/p>\n<p><span style=\"color: #003366;\"><!-- \/wp:paragraph --><!-- wp:paragraph --><\/span><\/p>\n<p style=\"text-align: left;\"><span style=\"color: #003366;\"><strong>Article 11\u2014 ASSEMBLEE GENERALE EXTRAORDINAIRE<\/strong><\/span><\/p>\n<p><span style=\"color: #003366;\"><!-- \/wp:paragraph --><!-- wp:paragraph --><\/span><\/p>\n<p style=\"text-align: left;\"><span style=\"color: #003366;\">Si besoin est, ou sur demande de la moiti\u00e9 plus un des membres \u00e0 jour de la cotisation, le pr\u00e9sident peut convoquer une assembl\u00e9e extraordinaire, suivant les modalit\u00e9s pr\u00e9vus \u00e0 l&rsquo;article 10. Cette assembl\u00e9e g\u00e9n\u00e9rale extraordinaire doit se composer de la moiti\u00e9 au moins des membres de l&rsquo;association \u00e0 jour de cotisation (membres pr\u00e9sents ou repr\u00e9sent\u00e9s). Si cette proportion n&rsquo;est pas atteinte, l&rsquo;assembl\u00e9e g\u00e9n\u00e9rale extraordinaire est de nouveau convoqu\u00e9e \u00e0 au moins quinze jours d&rsquo;intervalle ; elle peut alors valablement d\u00e9lib\u00e9rer quel que soit le nombre de membres pr\u00e9sents ou repr\u00e9sent\u00e9s.<\/span><\/p>\n<p><span style=\"color: #003366;\"><!-- \/wp:paragraph --><!-- wp:paragraph --><\/span><\/p>\n<p style=\"text-align: left;\"><span style=\"color: #003366;\"><strong>Article 12 \u2014 REGLEMENT INTERIEUR<\/strong><\/span><\/p>\n<p><span style=\"color: #003366;\"><!-- \/wp:paragraph --><!-- wp:paragraph --><\/span><\/p>\n<p style=\"text-align: left;\"><span style=\"color: #003366;\"><strong>Un r\u00e8glement int\u00e9rieur est \u00e9tabli par le conseil d&rsquo;administration qui le fait approuver par l&rsquo;assembl\u00e9e g\u00e9n\u00e9rale.<\/strong><\/span><\/p>\n<p><span style=\"color: #003366;\"><!-- \/wp:paragraph --><!-- wp:paragraph --><\/span><\/p>\n<p style=\"text-align: left;\"><span style=\"color: #003366;\">Ce <strong>r\u00e8glement <\/strong>est destin\u00e9 \u00e0 fixer les divers points non pr\u00e9vus par les statuts, notamment ceux <strong>qui ont trait \u00e0 l&rsquo;administration <\/strong>interne de l&rsquo;association.<\/span><\/p>\n<p><span style=\"color: #003366;\"><!-- \/wp:paragraph --><!-- wp:paragraph --><\/span><\/p>\n<p style=\"text-align: left;\"><span style=\"color: #003366;\"><em>N.B. : les pr\u00e9sents statuts modifi\u00e9s, approuv\u00e9s par l&rsquo;assembl\u00e9e g\u00e9n\u00e9rale extraordinaire du 30 mai 2013, annulent et remplacent ceux en date du 25 mai 2007.<\/em><\/span><\/p>\n<!-- \/wp:paragraph -->\t\t\t\t\t\t<\/div>\n\t\t\t\t<\/div>\n\t\t\t\t\t<\/div>\n\t\t<\/div>\n\t\t\t\t\t<\/div>\n\t\t<\/section>\n\t\t\t\t<\/div>\n\t\t","protected":false},"excerpt":{"rendered":"<p>Statuts de l&rsquo;association \u00a0 Article 1er &#8211; DENOMINATION Il est fond\u00e9 entre les adh\u00e9rents aux pr\u00e9sents statuts une association r\u00e9gie par la loi du er juillet 1901 et le d\u00e9cret du 16 ao\u00fbt 1901 ayant pour titre : \u00ab ASSOCIATION NATIONALE DU TRANSPORT AERIEN MILITAIRE \u00bb (ANTAM) Article 2 \u2014 SIEGE L&rsquo;ANTAM a son si\u00e8ge [&hellip;]<\/p>\n","protected":false},"author":1,"featured_media":0,"parent":0,"menu_order":0,"comment_status":"closed","ping_status":"closed","template":"","meta":[],"_links":{"self":[{"href":"https:\/\/antam.ovh\/index.php\/wp-json\/wp\/v2\/pages\/1421"}],"collection":[{"href":"https:\/\/antam.ovh\/index.php\/wp-json\/wp\/v2\/pages"}],"about":[{"href":"https:\/\/antam.ovh\/index.php\/wp-json\/wp\/v2\/types\/page"}],"author":[{"embeddable":true,"href":"https:\/\/antam.ovh\/index.php\/wp-json\/wp\/v2\/users\/1"}],"replies":[{"embeddable":true,"href":"https:\/\/antam.ovh\/index.php\/wp-json\/wp\/v2\/comments?post=1421"}],"version-history":[{"count":6,"href":"https:\/\/antam.ovh\/index.php\/wp-json\/wp\/v2\/pages\/1421\/revisions"}],"predecessor-version":[{"id":3962,"href":"https:\/\/antam.ovh\/index.php\/wp-json\/wp\/v2\/pages\/1421\/revisions\/3962"}],"wp:attachment":[{"href":"https:\/\/antam.ovh\/index.php\/wp-json\/wp\/v2\/media?parent=1421"}],"curies":[{"name":"wp","href":"https:\/\/api.w.org\/{rel}","templated":true}]}}